{"id":2237,"date":"2023-02-06T07:29:32","date_gmt":"2023-02-06T07:29:32","guid":{"rendered":"https:\/\/serratauditors.com\/?page_id=2237"},"modified":"2023-05-12T16:01:42","modified_gmt":"2023-05-12T16:01:42","slug":"serveis","status":"publish","type":"page","link":"https:\/\/serratauditors.com\/ca\/serveis\/","title":{"rendered":"Serveis"},"content":{"rendered":"\t\t<div data-elementor-type=\"wp-post\" data-elementor-id=\"2237\" class=\"elementor elementor-2237\">\n\t\t\t\t\t\t\t\t\t<section class=\"elementor-section elementor-top-section elementor-element elementor-element-ffd2337 elementor-section-boxed elementor-section-height-default elementor-section-height-default\" data-id=\"ffd2337\" data-element_type=\"section\">\n\t\t\t\t\t\t<div class=\"elementor-container elementor-column-gap-default\">\n\t\t\t\t\t<div class=\"elementor-column elementor-col-100 elementor-top-column elementor-element elementor-element-49e6deb\" data-id=\"49e6deb\" data-element_type=\"column\">\n\t\t\t<div class=\"elementor-widget-wrap elementor-element-populated\">\n\t\t\t\t\t\t\t\t<div class=\"elementor-element elementor-element-eb85e5e elementor-widget elementor-widget-shortcode\" data-id=\"eb85e5e\" data-element_type=\"widget\" data-widget_type=\"shortcode.default\">\n\t\t\t\t<div class=\"elementor-widget-container\">\n\t\t\t\t\t<div class=\"elementor-shortcode\"><div class=\"short_practice_areas_icon_v2 \"><div class=\"row practice-items-holder-v2\"><div class=\"col-lg-4 col-md-6\"><div class=\"practice-item-v2\"><a href=\"https:\/\/serratauditors.com\/ca\/serveis\/auditoria\/\"><div class=\"practice-circle\"><i class=\"fas fa-search-dollar\"><\/i><\/div><\/a><h5 class=\"practice-title-v2\"><a href=\"https:\/\/serratauditors.com\/ca\/serveis\/auditoria\/\">Auditoria<\/a><\/h5><div class=\"practice-excerpt\">Amb les nostres auditories aconseguim una visi\u00f3 m\u00e9s acurada de l'empresa.<\/div><a class=\"read-more\" href=\"https:\/\/serratauditors.com\/ca\/serveis\/auditoria\/\">Llegir m\u00e9s<\/a><\/div><\/div><div class=\"col-lg-4 col-md-6\"><div class=\"practice-item-v2\"><a href=\"https:\/\/serratauditors.com\/ca\/serveis\/assessorament-comptable-financer\/\"><div class=\"practice-circle\"><i class=\"far fa-money-bill-alt\"><\/i><\/div><\/a><h5 class=\"practice-title-v2\"><a href=\"https:\/\/serratauditors.com\/ca\/serveis\/assessorament-comptable-financer\/\">Assessorament comptable \/ financer<\/a><\/h5><div class=\"practice-excerpt\">Assessorem als nostres clients en tots els temes comptables i financers que requereixi.<\/div><a class=\"read-more\" href=\"https:\/\/serratauditors.com\/ca\/serveis\/assessorament-comptable-financer\/\">Llegir m\u00e9s<\/a><\/div><\/div><div class=\"col-lg-4 col-md-6\"><div class=\"practice-item-v2\"><a href=\"https:\/\/serratauditors.com\/ca\/serveis\/assessorament-fiscal\/\"><div class=\"practice-circle\"><i class=\"far fa-chart-bar\"><\/i><\/div><\/a><h5 class=\"practice-title-v2\"><a href=\"https:\/\/serratauditors.com\/ca\/serveis\/assessorament-fiscal\/\">Assessorament fiscal<\/a><\/h5><div class=\"practice-excerpt\">Ajudem als nostres clients en les diferents planificacions fiscals, ja siguin nacionals o internacionals. Sempre amb la m\u00e0xima professionalitat.<\/div><a class=\"read-more\" href=\"https:\/\/serratauditors.com\/ca\/serveis\/assessorament-fiscal\/\">Llegir m\u00e9s<\/a><\/div><\/div><div class=\"col-lg-4 col-md-6\"><div class=\"practice-item-v2\"><a href=\"https:\/\/serratauditors.com\/ca\/serveis\/corporate-finance\/\"><div class=\"practice-circle\"><i class=\"fas fa-university\"><\/i><\/div><\/a><h5 class=\"practice-title-v2\"><a href=\"https:\/\/serratauditors.com\/ca\/serveis\/corporate-finance\/\">Corporate Finance<\/a><\/h5><div class=\"practice-excerpt\">Donem suport en tots els temes mercantils i societaris, constitucions, llibres, fusions, etc.<\/div><a class=\"read-more\" href=\"https:\/\/serratauditors.com\/ca\/serveis\/corporate-finance\/\">Llegir m\u00e9s<\/a><\/div><\/div><div class=\"col-lg-4 col-md-6\"><div class=\"practice-item-v2\"><a href=\"https:\/\/serratauditors.com\/ca\/serveis\/ambit-dempresa-familiar\/\"><div class=\"practice-circle\"><i class=\"fas fa-user-friends\"><\/i><\/div><\/a><h5 class=\"practice-title-v2\"><a href=\"https:\/\/serratauditors.com\/ca\/serveis\/ambit-dempresa-familiar\/\">\u00c0mbit d&#8217;empresa familiar<\/a><\/h5><div class=\"practice-excerpt\">Ajudem als nostres clients en les estructures de l'empresa familiar, aix\u00ed com processos de successi\u00f3.<\/div><a class=\"read-more\" href=\"https:\/\/serratauditors.com\/ca\/serveis\/ambit-dempresa-familiar\/\">Llegir m\u00e9s<\/a><\/div><\/div><div class=\"col-lg-4 col-md-6\"><div class=\"practice-item-v2\"><a href=\"https:\/\/serratauditors.com\/ca\/serveis\/sector-public\/\"><div class=\"practice-circle\"><i class=\"fas fa-user-friends\"><\/i><\/div><\/a><h5 class=\"practice-title-v2\"><a href=\"https:\/\/serratauditors.com\/ca\/serveis\/sector-public\/\">Sector P\u00fablic<\/a><\/h5><div class=\"practice-excerpt\">Tenim experi\u00e8ncia en auditories del sector p\u00fablic, aix\u00ed com en l'elaboraci\u00f3 d'informes de compliment de la legalitat del sector p\u00fablic. Addicionalment, tamb\u00e9 assessorem a entitats<\/div><a class=\"read-more\" href=\"https:\/\/serratauditors.com\/ca\/serveis\/sector-public\/\">Llegir m\u00e9s<\/a><\/div><\/div><\/div><\/div><\/div>\n\t\t\t\t<\/div>\n\t\t\t\t<\/div>\n\t\t\t\t\t<\/div>\n\t\t<\/div>\n\t\t\t\t\t\t\t<\/div>\n\t\t<\/section>\n\t\t\t\t<section class=\"elementor-section elementor-top-section elementor-element elementor-element-4edf9c2 elementor-section-boxed elementor-section-height-default elementor-section-height-default\" data-id=\"4edf9c2\" data-element_type=\"section\">\n\t\t\t\t\t\t<div class=\"elementor-container elementor-column-gap-default\">\n\t\t\t\t\t<div class=\"elementor-column elementor-col-100 elementor-top-column elementor-element elementor-element-0199266\" data-id=\"0199266\" data-element_type=\"column\">\n\t\t\t<div class=\"elementor-widget-wrap elementor-element-populated\">\n\t\t\t\t\t\t\t\t<div class=\"elementor-element elementor-element-a140842 heading-subtitle elementor-widget elementor-widget-heading\" data-id=\"a140842\" data-element_type=\"widget\" data-widget_type=\"heading.default\">\n\t\t\t\t<div class=\"elementor-widget-container\">\n\t\t\t<style>\/*! elementor - v3.12.1 - 02-04-2023 *\/\n.elementor-heading-title{padding:0;margin:0;line-height:1}.elementor-widget-heading .elementor-heading-title[class*=elementor-size-]>a{color:inherit;font-size:inherit;line-height:inherit}.elementor-widget-heading .elementor-heading-title.elementor-size-small{font-size:15px}.elementor-widget-heading .elementor-heading-title.elementor-size-medium{font-size:19px}.elementor-widget-heading .elementor-heading-title.elementor-size-large{font-size:29px}.elementor-widget-heading .elementor-heading-title.elementor-size-xl{font-size:39px}.elementor-widget-heading .elementor-heading-title.elementor-size-xxl{font-size:59px}<\/style><span class=\"elementor-heading-title elementor-size-default\">Contacte<\/span>\t\t<\/div>\n\t\t\t\t<\/div>\n\t\t\t\t<div class=\"elementor-element elementor-element-2f5e455 heading-title elementor-widget elementor-widget-heading\" data-id=\"2f5e455\" data-element_type=\"widget\" data-widget_type=\"heading.default\">\n\t\t\t\t<div class=\"elementor-widget-container\">\n\t\t\t<h2 class=\"elementor-heading-title elementor-size-default\">Contacta'ns<\/h2>\t\t<\/div>\n\t\t\t\t<\/div>\n\t\t\t\t\t<\/div>\n\t\t<\/div>\n\t\t\t\t\t\t\t<\/div>\n\t\t<\/section>\n\t\t\t\t<section class=\"elementor-section elementor-top-section elementor-element elementor-element-1292eef elementor-section-boxed elementor-section-height-default elementor-section-height-default\" data-id=\"1292eef\" data-element_type=\"section\">\n\t\t\t\t\t\t<div class=\"elementor-container elementor-column-gap-default\">\n\t\t\t\t\t<div class=\"elementor-column elementor-col-33 elementor-top-column elementor-element elementor-element-2368f5b\" data-id=\"2368f5b\" data-element_type=\"column\">\n\t\t\t<div class=\"elementor-widget-wrap elementor-element-populated\">\n\t\t\t\t\t\t\t\t<div class=\"elementor-element elementor-element-9ac9589 pcolori elementor-view-default elementor-mobile-position-top elementor-vertical-align-top elementor-widget elementor-widget-icon-box\" data-id=\"9ac9589\" data-element_type=\"widget\" data-widget_type=\"icon-box.default\">\n\t\t\t\t<div class=\"elementor-widget-container\">\n\t\t\t<link rel=\"stylesheet\" href=\"https:\/\/serratauditors.com\/wp-content\/plugins\/elementor\/assets\/css\/widget-icon-box.min.css\">\t\t<div class=\"elementor-icon-box-wrapper\">\n\t\t\t\t\t\t<div class=\"elementor-icon-box-icon\">\n\t\t\t\t<span class=\"elementor-icon elementor-animation-\" >\n\t\t\t\t<i aria-hidden=\"true\" class=\"fas fa-map-marker-alt\"><\/i>\t\t\t\t<\/span>\n\t\t\t<\/div>\n\t\t\t\t\t\t<div class=\"elementor-icon-box-content\">\n\t\t\t\t<div class=\"elementor-icon-box-title\">\n\t\t\t\t\t<span  >\n\t\t\t\t\t\tBARCELONA\t\t\t\t\t<\/span>\n\t\t\t\t<\/div>\n\t\t\t\t\t\t\t\t\t<p class=\"elementor-icon-box-description\">\n\t\t\t\t\t\tVia Augusta, 29, 6a planta. 08006 Barcelona\t\t\t\t\t<\/p>\n\t\t\t\t\t\t\t<\/div>\n\t\t<\/div>\n\t\t\t\t<\/div>\n\t\t\t\t<\/div>\n\t\t\t\t<div class=\"elementor-element elementor-element-255e26d pcolori elementor-position-left elementor-widget__width-auto elementor-view-default elementor-mobile-position-top elementor-vertical-align-top elementor-widget elementor-widget-icon-box\" data-id=\"255e26d\" data-element_type=\"widget\" data-widget_type=\"icon-box.default\">\n\t\t\t\t<div class=\"elementor-widget-container\">\n\t\t\t\t\t<div class=\"elementor-icon-box-wrapper\">\n\t\t\t\t\t\t<div class=\"elementor-icon-box-icon\">\n\t\t\t\t<a class=\"elementor-icon elementor-animation-\" href=\"https:\/\/goo.gl\/maps\/QNsWxe5hWrW5Zwug9\" target=\"_blank\">\n\t\t\t\t<i aria-hidden=\"true\" class=\"far fa-map\"><\/i>\t\t\t\t<\/a>\n\t\t\t<\/div>\n\t\t\t\t\t\t<div class=\"elementor-icon-box-content\">\n\t\t\t\t<div class=\"elementor-icon-box-title\">\n\t\t\t\t\t<a href=\"https:\/\/goo.gl\/maps\/QNsWxe5hWrW5Zwug9\" target=\"_blank\" >\n\t\t\t\t\t\tVeure a Google Maps\t\t\t\t\t<\/a>\n\t\t\t\t<\/div>\n\t\t\t\t\t\t\t<\/div>\n\t\t<\/div>\n\t\t\t\t<\/div>\n\t\t\t\t<\/div>\n\t\t\t\t\t<\/div>\n\t\t<\/div>\n\t\t\t\t<div class=\"elementor-column elementor-col-33 elementor-top-column elementor-element elementor-element-d6dcbff elementor-hidden-tablet elementor-hidden-mobile\" data-id=\"d6dcbff\" data-element_type=\"column\">\n\t\t\t<div class=\"elementor-widget-wrap\">\n\t\t\t\t\t\t\t\t\t<\/div>\n\t\t<\/div>\n\t\t\t\t<div class=\"elementor-column elementor-col-33 elementor-top-column elementor-element elementor-element-c1e6c18\" data-id=\"c1e6c18\" data-element_type=\"column\">\n\t\t\t<div class=\"elementor-widget-wrap elementor-element-populated\">\n\t\t\t\t\t\t\t\t<div class=\"elementor-element elementor-element-aea5d11 pcolori elementor-view-default elementor-mobile-position-top elementor-vertical-align-top elementor-widget elementor-widget-icon-box\" data-id=\"aea5d11\" data-element_type=\"widget\" data-widget_type=\"icon-box.default\">\n\t\t\t\t<div class=\"elementor-widget-container\">\n\t\t\t\t\t<div class=\"elementor-icon-box-wrapper\">\n\t\t\t\t\t\t<div class=\"elementor-icon-box-icon\">\n\t\t\t\t<span class=\"elementor-icon elementor-animation-\" >\n\t\t\t\t<i aria-hidden=\"true\" class=\"fas fa-map-marker-alt\"><\/i>\t\t\t\t<\/span>\n\t\t\t<\/div>\n\t\t\t\t\t\t<div class=\"elementor-icon-box-content\">\n\t\t\t\t<div class=\"elementor-icon-box-title\">\n\t\t\t\t\t<span  >\n\t\t\t\t\t\tTERRASSA\t\t\t\t\t<\/span>\n\t\t\t\t<\/div>\n\t\t\t\t\t\t\t\t\t<p class=\"elementor-icon-box-description\">\n\t\t\t\t\t\tRambla d\u2019Egara, 116, 1er 3a 08221 Terrassa\t\t\t\t\t<\/p>\n\t\t\t\t\t\t\t<\/div>\n\t\t<\/div>\n\t\t\t\t<\/div>\n\t\t\t\t<\/div>\n\t\t\t\t<div class=\"elementor-element elementor-element-a022ff6 pcolori elementor-position-left elementor-widget__width-auto elementor-view-default elementor-mobile-position-top elementor-vertical-align-top elementor-widget elementor-widget-icon-box\" data-id=\"a022ff6\" data-element_type=\"widget\" data-widget_type=\"icon-box.default\">\n\t\t\t\t<div class=\"elementor-widget-container\">\n\t\t\t\t\t<div class=\"elementor-icon-box-wrapper\">\n\t\t\t\t\t\t<div class=\"elementor-icon-box-icon\">\n\t\t\t\t<a class=\"elementor-icon elementor-animation-\" href=\"https:\/\/goo.gl\/maps\/8wbKBBsQwGRB587S8\" target=\"_blank\">\n\t\t\t\t<i aria-hidden=\"true\" class=\"far fa-map\"><\/i>\t\t\t\t<\/a>\n\t\t\t<\/div>\n\t\t\t\t\t\t<div class=\"elementor-icon-box-content\">\n\t\t\t\t<div class=\"elementor-icon-box-title\">\n\t\t\t\t\t<a href=\"https:\/\/goo.gl\/maps\/8wbKBBsQwGRB587S8\" target=\"_blank\" >\n\t\t\t\t\t\tVeure a Google Maps\t\t\t\t\t<\/a>\n\t\t\t\t<\/div>\n\t\t\t\t\t\t\t<\/div>\n\t\t<\/div>\n\t\t\t\t<\/div>\n\t\t\t\t<\/div>\n\t\t\t\t\t<\/div>\n\t\t<\/div>\n\t\t\t\t\t\t\t<\/div>\n\t\t<\/section>\n\t\t\t\t<section class=\"elementor-section elementor-top-section elementor-element elementor-element-b69b0ca elementor-section-boxed elementor-section-height-default elementor-section-height-default\" data-id=\"b69b0ca\" data-element_type=\"section\">\n\t\t\t\t\t\t<div class=\"elementor-container elementor-column-gap-default\">\n\t\t\t\t\t<div class=\"elementor-column elementor-col-33 elementor-top-column elementor-element elementor-element-d0f33bb\" data-id=\"d0f33bb\" data-element_type=\"column\">\n\t\t\t<div class=\"elementor-widget-wrap elementor-element-populated\">\n\t\t\t\t\t\t\t\t<div class=\"elementor-element elementor-element-3975b4e pcolori elementor-view-default elementor-mobile-position-top elementor-vertical-align-top elementor-widget elementor-widget-icon-box\" data-id=\"3975b4e\" data-element_type=\"widget\" data-widget_type=\"icon-box.default\">\n\t\t\t\t<div class=\"elementor-widget-container\">\n\t\t\t\t\t<div class=\"elementor-icon-box-wrapper\">\n\t\t\t\t\t\t<div class=\"elementor-icon-box-icon\">\n\t\t\t\t<span class=\"elementor-icon elementor-animation-\" >\n\t\t\t\t<i aria-hidden=\"true\" class=\"fas fa-phone-alt\"><\/i>\t\t\t\t<\/span>\n\t\t\t<\/div>\n\t\t\t\t\t\t<div class=\"elementor-icon-box-content\">\n\t\t\t\t<div class=\"elementor-icon-box-title\">\n\t\t\t\t\t<span  >\n\t\t\t\t\t\tTEL\u00c8FON\t\t\t\t\t<\/span>\n\t\t\t\t<\/div>\n\t\t\t\t\t\t\t\t\t<p class=\"elementor-icon-box-description\">\n\t\t\t\t\t\t902 38 40 25\t\t\t\t\t<\/p>\n\t\t\t\t\t\t\t<\/div>\n\t\t<\/div>\n\t\t\t\t<\/div>\n\t\t\t\t<\/div>\n\t\t\t\t\t<\/div>\n\t\t<\/div>\n\t\t\t\t<div class=\"elementor-column elementor-col-33 elementor-top-column elementor-element elementor-element-cf26925\" data-id=\"cf26925\" data-element_type=\"column\">\n\t\t\t<div class=\"elementor-widget-wrap elementor-element-populated\">\n\t\t\t\t\t\t\t\t<div class=\"elementor-element elementor-element-e5d9883 pcolori elementor-view-default elementor-mobile-position-top elementor-vertical-align-top elementor-widget elementor-widget-icon-box\" data-id=\"e5d9883\" data-element_type=\"widget\" data-widget_type=\"icon-box.default\">\n\t\t\t\t<div class=\"elementor-widget-container\">\n\t\t\t\t\t<div class=\"elementor-icon-box-wrapper\">\n\t\t\t\t\t\t<div class=\"elementor-icon-box-icon\">\n\t\t\t\t<span class=\"elementor-icon elementor-animation-\" >\n\t\t\t\t<i aria-hidden=\"true\" class=\"fas fa-phone-alt\"><\/i>\t\t\t\t<\/span>\n\t\t\t<\/div>\n\t\t\t\t\t\t<div class=\"elementor-icon-box-content\">\n\t\t\t\t<div class=\"elementor-icon-box-title\">\n\t\t\t\t\t<span  >\n\t\t\t\t\t\tTEL\u00c8FON INTERNACIONAL\t\t\t\t\t<\/span>\n\t\t\t\t<\/div>\n\t\t\t\t\t\t\t\t\t<p class=\"elementor-icon-box-description\">\n\t\t\t\t\t\t+34 93 784 89 20\t\t\t\t\t<\/p>\n\t\t\t\t\t\t\t<\/div>\n\t\t<\/div>\n\t\t\t\t<\/div>\n\t\t\t\t<\/div>\n\t\t\t\t\t<\/div>\n\t\t<\/div>\n\t\t\t\t<div class=\"elementor-column elementor-col-33 elementor-top-column elementor-element elementor-element-875f895\" data-id=\"875f895\" data-element_type=\"column\">\n\t\t\t<div class=\"elementor-widget-wrap elementor-element-populated\">\n\t\t\t\t\t\t\t\t<div class=\"elementor-element elementor-element-f7e17b2 pcolori elementor-view-default elementor-mobile-position-top elementor-vertical-align-top elementor-widget elementor-widget-icon-box\" data-id=\"f7e17b2\" data-element_type=\"widget\" data-widget_type=\"icon-box.default\">\n\t\t\t\t<div class=\"elementor-widget-container\">\n\t\t\t\t\t<div class=\"elementor-icon-box-wrapper\">\n\t\t\t\t\t\t<div class=\"elementor-icon-box-icon\">\n\t\t\t\t<a class=\"elementor-icon elementor-animation-\" href=\"mailto:info@serratauditors.com\">\n\t\t\t\t<i aria-hidden=\"true\" class=\"far fa-envelope\"><\/i>\t\t\t\t<\/a>\n\t\t\t<\/div>\n\t\t\t\t\t\t<div class=\"elementor-icon-box-content\">\n\t\t\t\t<div class=\"elementor-icon-box-title\">\n\t\t\t\t\t<a href=\"mailto:info@serratauditors.com\" >\n\t\t\t\t\t\tEMAIL\t\t\t\t\t<\/a>\n\t\t\t\t<\/div>\n\t\t\t\t\t\t\t\t\t<p class=\"elementor-icon-box-description\">\n\t\t\t\t\t\tinfo@serratauditors.com\t\t\t\t\t<\/p>\n\t\t\t\t\t\t\t<\/div>\n\t\t<\/div>\n\t\t\t\t<\/div>\n\t\t\t\t<\/div>\n\t\t\t\t\t<\/div>\n\t\t<\/div>\n\t\t\t\t\t\t\t<\/div>\n\t\t<\/section>\n\t\t\t\t\t\t\t<\/div>\n\t\t","protected":false},"excerpt":{"rendered":"<p>Contacte Contacta&#8217;ns BARCELONA Via Augusta, 29, 6a planta. 08006 Barcelona Veure a Google Maps TERRASSA Rambla d\u2019Egara, 116, 1er 3a 08221 Terrassa Veure a Google Maps TEL\u00c8FON 902 38 40 25 TEL\u00c8FON INTERNACIONAL +34 93 784 89 20 EMAIL info@serratauditors.com<\/p>\n","protected":false},"author":1,"featured_media":2253,"parent":0,"menu_order":0,"comment_status":"closed","ping_status":"closed","template":"my-templates\/template-fullscreen.php","meta":[],"acf":[],"yoast_head":"<!-- This site is optimized with the Yoast SEO plugin v20.7 - https:\/\/yoast.com\/wordpress\/plugins\/seo\/ -->\n<title>Serveis - Serrat Auditors Barcelona<\/title>\n<meta name=\"description\" content=\"Auditoria, assessorament comptable\/financer\/fiscal, Corporate Finance, Empresa familiar, Sector p\u00fablic.\" \/>\n<meta name=\"robots\" content=\"index, follow, max-snippet:-1, max-image-preview:large, max-video-preview:-1\" \/>\n<link rel=\"canonical\" href=\"https:\/\/serratauditors.com\/ca\/serveis\/\" \/>\n<meta property=\"og:locale\" content=\"ca_ES\" \/>\n<meta property=\"og:type\" content=\"article\" \/>\n<meta property=\"og:title\" content=\"Serveis - Serrat Auditors Barcelona\" \/>\n<meta property=\"og:description\" content=\"Auditoria, assessorament comptable\/financer\/fiscal, Corporate Finance, Empresa familiar, Sector p\u00fablic.\" \/>\n<meta property=\"og:url\" content=\"https:\/\/serratauditors.com\/ca\/serveis\/\" \/>\n<meta property=\"og:site_name\" content=\"Serrat Auditors Barcelona\" \/>\n<meta property=\"article:modified_time\" content=\"2023-05-12T16:01:42+00:00\" \/>\n<meta property=\"og:image\" content=\"https:\/\/serratauditors.com\/wp-content\/uploads\/2023\/02\/cabe_serveis.jpg\" \/>\n\t<meta property=\"og:image:width\" content=\"1600\" \/>\n\t<meta property=\"og:image:height\" content=\"300\" \/>\n\t<meta property=\"og:image:type\" content=\"image\/jpeg\" \/>\n<meta name=\"twitter:card\" content=\"summary_large_image\" \/>\n<meta name=\"twitter:label1\" content=\"Est. reading time\" \/>\n\t<meta name=\"twitter:data1\" content=\"1 minut\" \/>\n<script type=\"application\/ld+json\" class=\"yoast-schema-graph\">{\"@context\":\"https:\/\/schema.org\",\"@graph\":[{\"@type\":\"WebPage\",\"@id\":\"https:\/\/serratauditors.com\/ca\/serveis\/\",\"url\":\"https:\/\/serratauditors.com\/ca\/serveis\/\",\"name\":\"Serveis - Serrat Auditors Barcelona\",\"isPartOf\":{\"@id\":\"https:\/\/serratauditors.com\/#website\"},\"datePublished\":\"2023-02-06T07:29:32+00:00\",\"dateModified\":\"2023-05-12T16:01:42+00:00\",\"description\":\"Auditoria, assessorament comptable\/financer\/fiscal, Corporate Finance, Empresa familiar, Sector p\u00fablic.\",\"breadcrumb\":{\"@id\":\"https:\/\/serratauditors.com\/ca\/serveis\/#breadcrumb\"},\"inLanguage\":\"ca\",\"potentialAction\":[{\"@type\":\"ReadAction\",\"target\":[\"https:\/\/serratauditors.com\/ca\/serveis\/\"]}]},{\"@type\":\"BreadcrumbList\",\"@id\":\"https:\/\/serratauditors.com\/ca\/serveis\/#breadcrumb\",\"itemListElement\":[{\"@type\":\"ListItem\",\"position\":1,\"name\":\"Home\",\"item\":\"https:\/\/serratauditors.com\/ca\/\"},{\"@type\":\"ListItem\",\"position\":2,\"name\":\"Serveis\"}]},{\"@type\":\"WebSite\",\"@id\":\"https:\/\/serratauditors.com\/#website\",\"url\":\"https:\/\/serratauditors.com\/\",\"name\":\"Serrat Auditors Barcelona\",\"description\":\"SERRAT AUDITORS Somos especialistas en todos los campos relacionados con la auditor\u00eda. Tenemos m\u00e1s de 30 a\u00f1os de experiencia.\",\"publisher\":{\"@id\":\"https:\/\/serratauditors.com\/#organization\"},\"alternateName\":\"Serrat Auditors Barcelona\",\"potentialAction\":[{\"@type\":\"SearchAction\",\"target\":{\"@type\":\"EntryPoint\",\"urlTemplate\":\"https:\/\/serratauditors.com\/?s={search_term_string}\"},\"query-input\":\"required name=search_term_string\"}],\"inLanguage\":\"ca\"},{\"@type\":\"Organization\",\"@id\":\"https:\/\/serratauditors.com\/#organization\",\"name\":\"Serrat Auditors Barcelona\",\"alternateName\":\"Serrat Auditors Barcelona\",\"url\":\"https:\/\/serratauditors.com\/\",\"logo\":{\"@type\":\"ImageObject\",\"inLanguage\":\"ca\",\"@id\":\"https:\/\/serratauditors.com\/#\/schema\/logo\/image\/\",\"url\":\"https:\/\/serratauditors.com\/wp-content\/uploads\/2023\/05\/descarga.jpg\",\"contentUrl\":\"https:\/\/serratauditors.com\/wp-content\/uploads\/2023\/05\/descarga.jpg\",\"width\":225,\"height\":225,\"caption\":\"Serrat Auditors Barcelona\"},\"image\":{\"@id\":\"https:\/\/serratauditors.com\/#\/schema\/logo\/image\/\"}}]}<\/script>\n<!-- \/ Yoast SEO plugin. -->","yoast_head_json":{"title":"Serveis - Serrat Auditors Barcelona","description":"Auditoria, assessorament comptable\/financer\/fiscal, Corporate Finance, Empresa familiar, Sector p\u00fablic.","robots":{"index":"index","follow":"follow","max-snippet":"max-snippet:-1","max-image-preview":"max-image-preview:large","max-video-preview":"max-video-preview:-1"},"canonical":"https:\/\/serratauditors.com\/ca\/serveis\/","og_locale":"ca_ES","og_type":"article","og_title":"Serveis - Serrat Auditors Barcelona","og_description":"Auditoria, assessorament comptable\/financer\/fiscal, Corporate Finance, Empresa familiar, Sector p\u00fablic.","og_url":"https:\/\/serratauditors.com\/ca\/serveis\/","og_site_name":"Serrat Auditors Barcelona","article_modified_time":"2023-05-12T16:01:42+00:00","og_image":[{"width":1600,"height":300,"url":"https:\/\/serratauditors.com\/wp-content\/uploads\/2023\/02\/cabe_serveis.jpg","type":"image\/jpeg"}],"twitter_card":"summary_large_image","twitter_misc":{"Est. reading time":"1 minut"},"schema":{"@context":"https:\/\/schema.org","@graph":[{"@type":"WebPage","@id":"https:\/\/serratauditors.com\/ca\/serveis\/","url":"https:\/\/serratauditors.com\/ca\/serveis\/","name":"Serveis - Serrat Auditors Barcelona","isPartOf":{"@id":"https:\/\/serratauditors.com\/#website"},"datePublished":"2023-02-06T07:29:32+00:00","dateModified":"2023-05-12T16:01:42+00:00","description":"Auditoria, assessorament comptable\/financer\/fiscal, Corporate Finance, Empresa familiar, Sector p\u00fablic.","breadcrumb":{"@id":"https:\/\/serratauditors.com\/ca\/serveis\/#breadcrumb"},"inLanguage":"ca","potentialAction":[{"@type":"ReadAction","target":["https:\/\/serratauditors.com\/ca\/serveis\/"]}]},{"@type":"BreadcrumbList","@id":"https:\/\/serratauditors.com\/ca\/serveis\/#breadcrumb","itemListElement":[{"@type":"ListItem","position":1,"name":"Home","item":"https:\/\/serratauditors.com\/ca\/"},{"@type":"ListItem","position":2,"name":"Serveis"}]},{"@type":"WebSite","@id":"https:\/\/serratauditors.com\/#website","url":"https:\/\/serratauditors.com\/","name":"Serrat Auditors Barcelona","description":"SERRAT AUDITORS Somos especialistas en todos los campos relacionados con la auditor\u00eda. Tenemos m\u00e1s de 30 a\u00f1os de experiencia.","publisher":{"@id":"https:\/\/serratauditors.com\/#organization"},"alternateName":"Serrat Auditors Barcelona","potentialAction":[{"@type":"SearchAction","target":{"@type":"EntryPoint","urlTemplate":"https:\/\/serratauditors.com\/?s={search_term_string}"},"query-input":"required name=search_term_string"}],"inLanguage":"ca"},{"@type":"Organization","@id":"https:\/\/serratauditors.com\/#organization","name":"Serrat Auditors Barcelona","alternateName":"Serrat Auditors Barcelona","url":"https:\/\/serratauditors.com\/","logo":{"@type":"ImageObject","inLanguage":"ca","@id":"https:\/\/serratauditors.com\/#\/schema\/logo\/image\/","url":"https:\/\/serratauditors.com\/wp-content\/uploads\/2023\/05\/descarga.jpg","contentUrl":"https:\/\/serratauditors.com\/wp-content\/uploads\/2023\/05\/descarga.jpg","width":225,"height":225,"caption":"Serrat Auditors Barcelona"},"image":{"@id":"https:\/\/serratauditors.com\/#\/schema\/logo\/image\/"}}]}},"_links":{"self":[{"href":"https:\/\/serratauditors.com\/ca\/wp-json\/wp\/v2\/pages\/2237"}],"collection":[{"href":"https:\/\/serratauditors.com\/ca\/wp-json\/wp\/v2\/pages"}],"about":[{"href":"https:\/\/serratauditors.com\/ca\/wp-json\/wp\/v2\/types\/page"}],"author":[{"embeddable":true,"href":"https:\/\/serratauditors.com\/ca\/wp-json\/wp\/v2\/users\/1"}],"replies":[{"embeddable":true,"href":"https:\/\/serratauditors.com\/ca\/wp-json\/wp\/v2\/comments?post=2237"}],"version-history":[{"count":1,"href":"https:\/\/serratauditors.com\/ca\/wp-json\/wp\/v2\/pages\/2237\/revisions"}],"predecessor-version":[{"id":3036,"href":"https:\/\/serratauditors.com\/ca\/wp-json\/wp\/v2\/pages\/2237\/revisions\/3036"}],"wp:featuredmedia":[{"embeddable":true,"href":"https:\/\/serratauditors.com\/ca\/wp-json\/wp\/v2\/media\/2253"}],"wp:attachment":[{"href":"https:\/\/serratauditors.com\/ca\/wp-json\/wp\/v2\/media?parent=2237"}],"curies":[{"name":"wp","href":"https:\/\/api.w.org\/{rel}","templated":true}]}}