{"id":2257,"date":"2023-02-06T07:49:52","date_gmt":"2023-02-06T07:49:52","guid":{"rendered":"https:\/\/serratauditors.com\/?page_id=2257"},"modified":"2023-05-12T15:57:41","modified_gmt":"2023-05-12T15:57:41","slug":"empresa","status":"publish","type":"page","link":"https:\/\/serratauditors.com\/ca\/empresa\/","title":{"rendered":"Empresa"},"content":{"rendered":"\t\t<div data-elementor-type=\"wp-post\" data-elementor-id=\"2257\" class=\"elementor elementor-2257\">\n\t\t\t\t\t\t\t\t\t<section class=\"elementor-section elementor-top-section elementor-element elementor-element-5b2635c elementor-section-boxed elementor-section-height-default elementor-section-height-default\" data-id=\"5b2635c\" data-element_type=\"section\">\n\t\t\t\t\t\t<div class=\"elementor-container elementor-column-gap-default\">\n\t\t\t\t\t<div class=\"elementor-column elementor-col-50 elementor-top-column elementor-element elementor-element-d2150d9\" data-id=\"d2150d9\" data-element_type=\"column\">\n\t\t\t<div class=\"elementor-widget-wrap elementor-element-populated\">\n\t\t\t\t\t\t\t\t<div class=\"elementor-element elementor-element-b27613c elementor-widget elementor-widget-image\" data-id=\"b27613c\" data-element_type=\"widget\" data-widget_type=\"image.default\">\n\t\t\t\t<div class=\"elementor-widget-container\">\n\t\t\t<style>\/*! elementor - v3.12.1 - 02-04-2023 *\/\n.elementor-widget-image{text-align:center}.elementor-widget-image a{display:inline-block}.elementor-widget-image a img[src$=\".svg\"]{width:48px}.elementor-widget-image img{vertical-align:middle;display:inline-block}<\/style>\t\t\t\t\t\t\t\t\t\t\t\t<img decoding=\"async\" width=\"600\" height=\"800\" src=\"https:\/\/serratauditors.com\/wp-content\/uploads\/2023\/02\/empresa.jpg\" class=\"attachment-full size-full wp-image-2286\" alt=\"\" loading=\"lazy\" srcset=\"https:\/\/serratauditors.com\/wp-content\/uploads\/2023\/02\/empresa.jpg 600w, https:\/\/serratauditors.com\/wp-content\/uploads\/2023\/02\/empresa-225x300.jpg 225w\" sizes=\"(max-width: 600px) 100vw, 600px\" \/>\t\t\t\t\t\t\t\t\t\t\t\t\t\t\t<\/div>\n\t\t\t\t<\/div>\n\t\t\t\t\t<\/div>\n\t\t<\/div>\n\t\t\t\t<div class=\"elementor-column elementor-col-50 elementor-top-column elementor-element elementor-element-7f1da95\" data-id=\"7f1da95\" data-element_type=\"column\">\n\t\t\t<div class=\"elementor-widget-wrap elementor-element-populated\">\n\t\t\t\t\t\t\t\t<div class=\"elementor-element elementor-element-8a31abe heading-subtitle elementor-widget elementor-widget-heading\" data-id=\"8a31abe\" data-element_type=\"widget\" data-widget_type=\"heading.default\">\n\t\t\t\t<div class=\"elementor-widget-container\">\n\t\t\t<style>\/*! elementor - v3.12.1 - 02-04-2023 *\/\n.elementor-heading-title{padding:0;margin:0;line-height:1}.elementor-widget-heading .elementor-heading-title[class*=elementor-size-]>a{color:inherit;font-size:inherit;line-height:inherit}.elementor-widget-heading .elementor-heading-title.elementor-size-small{font-size:15px}.elementor-widget-heading .elementor-heading-title.elementor-size-medium{font-size:19px}.elementor-widget-heading .elementor-heading-title.elementor-size-large{font-size:29px}.elementor-widget-heading .elementor-heading-title.elementor-size-xl{font-size:39px}.elementor-widget-heading .elementor-heading-title.elementor-size-xxl{font-size:59px}<\/style><span class=\"elementor-heading-title elementor-size-default\">m\u00e9s de 30 anys d'experi\u00e8ncia<\/span>\t\t<\/div>\n\t\t\t\t<\/div>\n\t\t\t\t<div class=\"elementor-element elementor-element-72d5934 heading-title elementor-widget elementor-widget-heading\" data-id=\"72d5934\" data-element_type=\"widget\" data-widget_type=\"heading.default\">\n\t\t\t\t<div class=\"elementor-widget-container\">\n\t\t\t<h2 class=\"elementor-heading-title elementor-size-default\">Oferim solucions a les seves necessitats<\/h2>\t\t<\/div>\n\t\t\t\t<\/div>\n\t\t\t\t<div class=\"elementor-element elementor-element-8e34733 elementor-widget elementor-widget-heading\" data-id=\"8e34733\" data-element_type=\"widget\" data-widget_type=\"heading.default\">\n\t\t\t\t<div class=\"elementor-widget-container\">\n\t\t\t<p class=\"elementor-heading-title elementor-size-default\">SERRAT AUDITORS \u00e9s una empresa creada el 1989, que presta serveis professionals principalment en l'\u00e0mbit de l'auditoria a Catalunya, per\u00f2 tamb\u00e9 a altres punts de l'estat espanyol i pa\u00efsos d'arreu.<\/p>\t\t<\/div>\n\t\t\t\t<\/div>\n\t\t\t\t<div class=\"elementor-element elementor-element-f9e9b4f elementor-widget elementor-widget-heading\" data-id=\"f9e9b4f\" data-element_type=\"widget\" data-widget_type=\"heading.default\">\n\t\t\t\t<div class=\"elementor-widget-container\">\n\t\t\t<p class=\"elementor-heading-title elementor-size-default\">Atents als nostres compromisos d'independ\u00e8ncia, objectivitat  i confidencialitat respecte els nostres clients, estem compromesos a oferir un servei d'auditoria altament efectiu i professional. A trav\u00e9s dels nostres m\u00e8todes moderns de treball, des de la perspectiva de l\u2019an\u00e0lisi extern realitzat, aportem valor afegit al client per tal que pugui millorar en certs aspectes i processos interns.<\/p>\t\t<\/div>\n\t\t\t\t<\/div>\n\t\t\t\t<div class=\"elementor-element elementor-element-2a7e17c elementor-widget elementor-widget-heading\" data-id=\"2a7e17c\" data-element_type=\"widget\" data-widget_type=\"heading.default\">\n\t\t\t\t<div class=\"elementor-widget-container\">\n\t\t\t<p class=\"elementor-heading-title elementor-size-default\">Els socis-auditors, caps d\u2019equip i t\u00e8cnics mantenim un contacte permanent i alt grau d\u2019implicaci\u00f3 amb els nostres clients.<\/p>\t\t<\/div>\n\t\t\t\t<\/div>\n\t\t\t\t\t<\/div>\n\t\t<\/div>\n\t\t\t\t\t\t\t<\/div>\n\t\t<\/section>\n\t\t\t\t<section class=\"elementor-section elementor-top-section elementor-element elementor-element-9f7b9cd elementor-section-boxed elementor-section-height-default elementor-section-height-default\" data-id=\"9f7b9cd\" data-element_type=\"section\">\n\t\t\t\t\t\t<div class=\"elementor-container elementor-column-gap-default\">\n\t\t\t\t\t<div class=\"elementor-column elementor-col-100 elementor-top-column elementor-element elementor-element-4c8f75b\" data-id=\"4c8f75b\" data-element_type=\"column\">\n\t\t\t<div class=\"elementor-widget-wrap elementor-element-populated\">\n\t\t\t\t\t\t\t\t<div class=\"elementor-element elementor-element-2124726 elementor-position-left pcolori elementor-view-default elementor-mobile-position-top elementor-vertical-align-top elementor-widget elementor-widget-icon-box\" data-id=\"2124726\" data-element_type=\"widget\" data-widget_type=\"icon-box.default\">\n\t\t\t\t<div class=\"elementor-widget-container\">\n\t\t\t<link rel=\"stylesheet\" href=\"https:\/\/serratauditors.com\/wp-content\/plugins\/elementor\/assets\/css\/widget-icon-box.min.css\">\t\t<div class=\"elementor-icon-box-wrapper\">\n\t\t\t\t\t\t<div class=\"elementor-icon-box-icon\">\n\t\t\t\t<span class=\"elementor-icon elementor-animation-\" >\n\t\t\t\t<i aria-hidden=\"true\" class=\"fas fa-user-graduate\"><\/i>\t\t\t\t<\/span>\n\t\t\t<\/div>\n\t\t\t\t\t\t<div class=\"elementor-icon-box-content\">\n\t\t\t\t<h3 class=\"elementor-icon-box-title\">\n\t\t\t\t\t<span  >\n\t\t\t\t\t\tConeixement de la professi\u00f3\t\t\t\t\t<\/span>\n\t\t\t\t<\/h3>\n\t\t\t\t\t\t\t\t\t<p class=\"elementor-icon-box-description\">\n\t\t\t\t\t\t\u00c9s necessari i imprescindible comptar amb un equip professional qualificat que conegui la professi\u00f3 d'auditor i estigui en reciclatge professional constant, tant pel qu\u00e8 fa a t\u00e8cniques comptables, com al m\u00f3n de l'economia, la fiscalitat i les noves tecnologies.\t\t\t\t\t<\/p>\n\t\t\t\t\t\t\t<\/div>\n\t\t<\/div>\n\t\t\t\t<\/div>\n\t\t\t\t<\/div>\n\t\t\t\t<div class=\"elementor-element elementor-element-d7b68f3 elementor-position-left pcolori elementor-view-default elementor-mobile-position-top elementor-vertical-align-top elementor-widget elementor-widget-icon-box\" data-id=\"d7b68f3\" data-element_type=\"widget\" data-widget_type=\"icon-box.default\">\n\t\t\t\t<div class=\"elementor-widget-container\">\n\t\t\t\t\t<div class=\"elementor-icon-box-wrapper\">\n\t\t\t\t\t\t<div class=\"elementor-icon-box-icon\">\n\t\t\t\t<span class=\"elementor-icon elementor-animation-\" >\n\t\t\t\t<i aria-hidden=\"true\" class=\"fas fa-gavel\"><\/i>\t\t\t\t<\/span>\n\t\t\t<\/div>\n\t\t\t\t\t\t<div class=\"elementor-icon-box-content\">\n\t\t\t\t<h3 class=\"elementor-icon-box-title\">\n\t\t\t\t\t<span  >\n\t\t\t\t\t\t\u00c8tica professional\t\t\t\t\t<\/span>\n\t\t\t\t<\/h3>\n\t\t\t\t\t\t\t\t\t<p class=\"elementor-icon-box-description\">\n\t\t\t\t\t\tComprom\u00eds de tots els professionals de la firma del compliment al m\u00e0xim nivell del codi d'\u00e8tica professional, tant en la relaci\u00f3 amb els nostres clients com interna de cada professional.\t\t\t\t\t<\/p>\n\t\t\t\t\t\t\t<\/div>\n\t\t<\/div>\n\t\t\t\t<\/div>\n\t\t\t\t<\/div>\n\t\t\t\t<div class=\"elementor-element elementor-element-d5ea090 elementor-position-left pcolori elementor-view-default elementor-mobile-position-top elementor-vertical-align-top elementor-widget elementor-widget-icon-box\" data-id=\"d5ea090\" data-element_type=\"widget\" data-widget_type=\"icon-box.default\">\n\t\t\t\t<div class=\"elementor-widget-container\">\n\t\t\t\t\t<div class=\"elementor-icon-box-wrapper\">\n\t\t\t\t\t\t<div class=\"elementor-icon-box-icon\">\n\t\t\t\t<span class=\"elementor-icon elementor-animation-\" >\n\t\t\t\t<i aria-hidden=\"true\" class=\"fas fa-user\"><\/i>\t\t\t\t<\/span>\n\t\t\t<\/div>\n\t\t\t\t\t\t<div class=\"elementor-icon-box-content\">\n\t\t\t\t<h3 class=\"elementor-icon-box-title\">\n\t\t\t\t\t<span  >\n\t\t\t\t\t\tEl client\t\t\t\t\t<\/span>\n\t\t\t\t<\/h3>\n\t\t\t\t\t\t\t\t\t<p class=\"elementor-icon-box-description\">\n\t\t\t\t\t\tA la nostra filosofia, els clients no poden ser tractats de manera est\u00e0ndard, ens ocupem de donar-los un tracte personalitzat, amb un coneixement de la seva activitat econ\u00f2mica, de la seva situaci\u00f3 a l'entorn del pa\u00eds i del seu sector en concret, requerint en cada cas, una actuaci\u00f3 professional personalitzada.\t\t\t\t\t<\/p>\n\t\t\t\t\t\t\t<\/div>\n\t\t<\/div>\n\t\t\t\t<\/div>\n\t\t\t\t<\/div>\n\t\t\t\t\t<\/div>\n\t\t<\/div>\n\t\t\t\t\t\t\t<\/div>\n\t\t<\/section>\n\t\t\t\t<section class=\"elementor-section elementor-top-section elementor-element elementor-element-f602c21 elementor-section-boxed elementor-section-height-default elementor-section-height-default\" data-id=\"f602c21\" data-element_type=\"section\" data-settings=\"{&quot;background_background&quot;:&quot;classic&quot;}\">\n\t\t\t\t\t\t\t<div class=\"elementor-background-overlay\"><\/div>\n\t\t\t\t\t\t\t<div class=\"elementor-container elementor-column-gap-default\">\n\t\t\t\t\t<div class=\"elementor-column elementor-col-100 elementor-top-column elementor-element elementor-element-5c10129\" data-id=\"5c10129\" data-element_type=\"column\">\n\t\t\t<div class=\"elementor-widget-wrap elementor-element-populated\">\n\t\t\t\t\t\t\t\t<div class=\"elementor-element elementor-element-6ce6ff2 heading-subtitle white elementor-widget elementor-widget-heading\" data-id=\"6ce6ff2\" data-element_type=\"widget\" data-widget_type=\"heading.default\">\n\t\t\t\t<div class=\"elementor-widget-container\">\n\t\t\t<span class=\"elementor-heading-title elementor-size-default\">Serrat Auditors<\/span>\t\t<\/div>\n\t\t\t\t<\/div>\n\t\t\t\t<div class=\"elementor-element elementor-element-65e8c47 heading-title white elementor-widget elementor-widget-heading\" data-id=\"65e8c47\" data-element_type=\"widget\" data-widget_type=\"heading.default\">\n\t\t\t\t<div class=\"elementor-widget-container\">\n\t\t\t<h2 class=\"elementor-heading-title elementor-size-default\">Tracte personalitzat per cada client<\/h2>\t\t<\/div>\n\t\t\t\t<\/div>\n\t\t\t\t<div class=\"elementor-element elementor-element-13614af btn-white-el elementor-widget elementor-widget-button\" data-id=\"13614af\" data-element_type=\"widget\" data-widget_type=\"button.default\">\n\t\t\t\t<div class=\"elementor-widget-container\">\n\t\t\t\t\t<div class=\"elementor-button-wrapper\">\n\t\t\t<a href=\"https:\/\/serratauditors.com\/ca\/contacte\/\" class=\"elementor-button-link elementor-button elementor-size-sm\" role=\"button\">\n\t\t\t\t\t\t<span class=\"elementor-button-content-wrapper\">\n\t\t\t\t\t\t<span class=\"elementor-button-text\">Consulta'ns<\/span>\n\t\t<\/span>\n\t\t\t\t\t<\/a>\n\t\t<\/div>\n\t\t\t\t<\/div>\n\t\t\t\t<\/div>\n\t\t\t\t\t<\/div>\n\t\t<\/div>\n\t\t\t\t\t\t\t<\/div>\n\t\t<\/section>\n\t\t\t\t\t\t\t<\/div>\n\t\t","protected":false},"excerpt":{"rendered":"<p>m\u00e9s de 30 anys d&#8217;experi\u00e8ncia Oferim solucions a les seves necessitats SERRAT AUDITORS \u00e9s una empresa creada el 1989, que presta serveis professionals principalment en l&#8217;\u00e0mbit de l&#8217;auditoria a Catalunya, per\u00f2 tamb\u00e9 a altres punts de l&#8217;estat espanyol i pa\u00efsos&#8230;<\/p>\n","protected":false},"author":1,"featured_media":2299,"parent":0,"menu_order":0,"comment_status":"closed","ping_status":"closed","template":"my-templates\/template-fullscreen.php","meta":[],"acf":[],"yoast_head":"<!-- This site is optimized with the Yoast SEO plugin v20.7 - https:\/\/yoast.com\/wordpress\/plugins\/seo\/ -->\n<title>Empresa - Serrat Auditors Barcelona<\/title>\n<meta name=\"description\" content=\"SERRAT AUDITORS \u00e9s una empresa creada el 1989, que presta serveis professionals principalment en l&#039;\u00e0mbit de l&#039;auditoria a Catalunya, per\u00f2 tamb\u00e9 a altres punts de l&#039;estat espanyol i pa\u00efsos d&#039;arreu.\" \/>\n<meta name=\"robots\" content=\"index, follow, max-snippet:-1, max-image-preview:large, max-video-preview:-1\" \/>\n<link rel=\"canonical\" href=\"https:\/\/serratauditors.com\/ca\/empresa\/\" \/>\n<meta property=\"og:locale\" content=\"ca_ES\" \/>\n<meta property=\"og:type\" content=\"article\" \/>\n<meta property=\"og:title\" content=\"Empresa - Serrat Auditors Barcelona\" \/>\n<meta property=\"og:description\" content=\"SERRAT AUDITORS \u00e9s una empresa creada el 1989, que presta serveis professionals principalment en l&#039;\u00e0mbit de l&#039;auditoria a Catalunya, per\u00f2 tamb\u00e9 a altres punts de l&#039;estat espanyol i pa\u00efsos d&#039;arreu.\" \/>\n<meta property=\"og:url\" content=\"https:\/\/serratauditors.com\/ca\/empresa\/\" \/>\n<meta property=\"og:site_name\" content=\"Serrat Auditors Barcelona\" \/>\n<meta property=\"article:modified_time\" content=\"2023-05-12T15:57:41+00:00\" \/>\n<meta property=\"og:image\" content=\"https:\/\/serratauditors.com\/wp-content\/uploads\/2023\/02\/image21-1.jpeg\" \/>\n\t<meta property=\"og:image:width\" content=\"1565\" \/>\n\t<meta property=\"og:image:height\" content=\"1045\" \/>\n\t<meta property=\"og:image:type\" content=\"image\/jpeg\" \/>\n<meta name=\"twitter:card\" content=\"summary_large_image\" \/>\n<meta name=\"twitter:label1\" content=\"Est. reading time\" \/>\n\t<meta name=\"twitter:data1\" content=\"2 minuts\" \/>\n<script type=\"application\/ld+json\" class=\"yoast-schema-graph\">{\"@context\":\"https:\/\/schema.org\",\"@graph\":[{\"@type\":\"WebPage\",\"@id\":\"https:\/\/serratauditors.com\/ca\/empresa\/\",\"url\":\"https:\/\/serratauditors.com\/ca\/empresa\/\",\"name\":\"Empresa - Serrat Auditors Barcelona\",\"isPartOf\":{\"@id\":\"https:\/\/serratauditors.com\/#website\"},\"datePublished\":\"2023-02-06T07:49:52+00:00\",\"dateModified\":\"2023-05-12T15:57:41+00:00\",\"description\":\"SERRAT AUDITORS \u00e9s una empresa creada el 1989, que presta serveis professionals principalment en l'\u00e0mbit de l'auditoria a Catalunya, per\u00f2 tamb\u00e9 a altres punts de l'estat espanyol i pa\u00efsos d'arreu.\",\"breadcrumb\":{\"@id\":\"https:\/\/serratauditors.com\/ca\/empresa\/#breadcrumb\"},\"inLanguage\":\"ca\",\"potentialAction\":[{\"@type\":\"ReadAction\",\"target\":[\"https:\/\/serratauditors.com\/ca\/empresa\/\"]}]},{\"@type\":\"BreadcrumbList\",\"@id\":\"https:\/\/serratauditors.com\/ca\/empresa\/#breadcrumb\",\"itemListElement\":[{\"@type\":\"ListItem\",\"position\":1,\"name\":\"Home\",\"item\":\"https:\/\/serratauditors.com\/ca\/\"},{\"@type\":\"ListItem\",\"position\":2,\"name\":\"Empresa\"}]},{\"@type\":\"WebSite\",\"@id\":\"https:\/\/serratauditors.com\/#website\",\"url\":\"https:\/\/serratauditors.com\/\",\"name\":\"Serrat Auditors Barcelona\",\"description\":\"SERRAT AUDITORS Somos especialistas en todos los campos relacionados con la auditor\u00eda. Tenemos m\u00e1s de 30 a\u00f1os de experiencia.\",\"publisher\":{\"@id\":\"https:\/\/serratauditors.com\/#organization\"},\"alternateName\":\"Serrat Auditors Barcelona\",\"potentialAction\":[{\"@type\":\"SearchAction\",\"target\":{\"@type\":\"EntryPoint\",\"urlTemplate\":\"https:\/\/serratauditors.com\/?s={search_term_string}\"},\"query-input\":\"required name=search_term_string\"}],\"inLanguage\":\"ca\"},{\"@type\":\"Organization\",\"@id\":\"https:\/\/serratauditors.com\/#organization\",\"name\":\"Serrat Auditors Barcelona\",\"alternateName\":\"Serrat Auditors Barcelona\",\"url\":\"https:\/\/serratauditors.com\/\",\"logo\":{\"@type\":\"ImageObject\",\"inLanguage\":\"ca\",\"@id\":\"https:\/\/serratauditors.com\/#\/schema\/logo\/image\/\",\"url\":\"https:\/\/serratauditors.com\/wp-content\/uploads\/2023\/05\/descarga.jpg\",\"contentUrl\":\"https:\/\/serratauditors.com\/wp-content\/uploads\/2023\/05\/descarga.jpg\",\"width\":225,\"height\":225,\"caption\":\"Serrat Auditors Barcelona\"},\"image\":{\"@id\":\"https:\/\/serratauditors.com\/#\/schema\/logo\/image\/\"}}]}<\/script>\n<!-- \/ Yoast SEO plugin. -->","yoast_head_json":{"title":"Empresa - Serrat Auditors Barcelona","description":"SERRAT AUDITORS \u00e9s una empresa creada el 1989, que presta serveis professionals principalment en l'\u00e0mbit de l'auditoria a Catalunya, per\u00f2 tamb\u00e9 a altres punts de l'estat espanyol i pa\u00efsos d'arreu.","robots":{"index":"index","follow":"follow","max-snippet":"max-snippet:-1","max-image-preview":"max-image-preview:large","max-video-preview":"max-video-preview:-1"},"canonical":"https:\/\/serratauditors.com\/ca\/empresa\/","og_locale":"ca_ES","og_type":"article","og_title":"Empresa - Serrat Auditors Barcelona","og_description":"SERRAT AUDITORS \u00e9s una empresa creada el 1989, que presta serveis professionals principalment en l'\u00e0mbit de l'auditoria a Catalunya, per\u00f2 tamb\u00e9 a altres punts de l'estat espanyol i pa\u00efsos d'arreu.","og_url":"https:\/\/serratauditors.com\/ca\/empresa\/","og_site_name":"Serrat Auditors Barcelona","article_modified_time":"2023-05-12T15:57:41+00:00","og_image":[{"width":1565,"height":1045,"url":"https:\/\/serratauditors.com\/wp-content\/uploads\/2023\/02\/image21-1.jpeg","type":"image\/jpeg"}],"twitter_card":"summary_large_image","twitter_misc":{"Est. reading time":"2 minuts"},"schema":{"@context":"https:\/\/schema.org","@graph":[{"@type":"WebPage","@id":"https:\/\/serratauditors.com\/ca\/empresa\/","url":"https:\/\/serratauditors.com\/ca\/empresa\/","name":"Empresa - Serrat Auditors Barcelona","isPartOf":{"@id":"https:\/\/serratauditors.com\/#website"},"datePublished":"2023-02-06T07:49:52+00:00","dateModified":"2023-05-12T15:57:41+00:00","description":"SERRAT AUDITORS \u00e9s una empresa creada el 1989, que presta serveis professionals principalment en l'\u00e0mbit de l'auditoria a Catalunya, per\u00f2 tamb\u00e9 a altres punts de l'estat espanyol i pa\u00efsos d'arreu.","breadcrumb":{"@id":"https:\/\/serratauditors.com\/ca\/empresa\/#breadcrumb"},"inLanguage":"ca","potentialAction":[{"@type":"ReadAction","target":["https:\/\/serratauditors.com\/ca\/empresa\/"]}]},{"@type":"BreadcrumbList","@id":"https:\/\/serratauditors.com\/ca\/empresa\/#breadcrumb","itemListElement":[{"@type":"ListItem","position":1,"name":"Home","item":"https:\/\/serratauditors.com\/ca\/"},{"@type":"ListItem","position":2,"name":"Empresa"}]},{"@type":"WebSite","@id":"https:\/\/serratauditors.com\/#website","url":"https:\/\/serratauditors.com\/","name":"Serrat Auditors Barcelona","description":"SERRAT AUDITORS Somos especialistas en todos los campos relacionados con la auditor\u00eda. Tenemos m\u00e1s de 30 a\u00f1os de experiencia.","publisher":{"@id":"https:\/\/serratauditors.com\/#organization"},"alternateName":"Serrat Auditors Barcelona","potentialAction":[{"@type":"SearchAction","target":{"@type":"EntryPoint","urlTemplate":"https:\/\/serratauditors.com\/?s={search_term_string}"},"query-input":"required name=search_term_string"}],"inLanguage":"ca"},{"@type":"Organization","@id":"https:\/\/serratauditors.com\/#organization","name":"Serrat Auditors Barcelona","alternateName":"Serrat Auditors Barcelona","url":"https:\/\/serratauditors.com\/","logo":{"@type":"ImageObject","inLanguage":"ca","@id":"https:\/\/serratauditors.com\/#\/schema\/logo\/image\/","url":"https:\/\/serratauditors.com\/wp-content\/uploads\/2023\/05\/descarga.jpg","contentUrl":"https:\/\/serratauditors.com\/wp-content\/uploads\/2023\/05\/descarga.jpg","width":225,"height":225,"caption":"Serrat Auditors Barcelona"},"image":{"@id":"https:\/\/serratauditors.com\/#\/schema\/logo\/image\/"}}]}},"_links":{"self":[{"href":"https:\/\/serratauditors.com\/ca\/wp-json\/wp\/v2\/pages\/2257"}],"collection":[{"href":"https:\/\/serratauditors.com\/ca\/wp-json\/wp\/v2\/pages"}],"about":[{"href":"https:\/\/serratauditors.com\/ca\/wp-json\/wp\/v2\/types\/page"}],"author":[{"embeddable":true,"href":"https:\/\/serratauditors.com\/ca\/wp-json\/wp\/v2\/users\/1"}],"replies":[{"embeddable":true,"href":"https:\/\/serratauditors.com\/ca\/wp-json\/wp\/v2\/comments?post=2257"}],"version-history":[{"count":4,"href":"https:\/\/serratauditors.com\/ca\/wp-json\/wp\/v2\/pages\/2257\/revisions"}],"predecessor-version":[{"id":3034,"href":"https:\/\/serratauditors.com\/ca\/wp-json\/wp\/v2\/pages\/2257\/revisions\/3034"}],"wp:featuredmedia":[{"embeddable":true,"href":"https:\/\/serratauditors.com\/ca\/wp-json\/wp\/v2\/media\/2299"}],"wp:attachment":[{"href":"https:\/\/serratauditors.com\/ca\/wp-json\/wp\/v2\/media?parent=2257"}],"curies":[{"name":"wp","href":"https:\/\/api.w.org\/{rel}","templated":true}]}}