{"id":2807,"date":"2023-03-31T10:27:39","date_gmt":"2023-03-31T10:27:39","guid":{"rendered":"https:\/\/serratauditors.com\/?page_id=2807"},"modified":"2023-05-12T15:46:37","modified_gmt":"2023-05-12T15:46:37","slug":"accessibilitat","status":"publish","type":"page","link":"https:\/\/serratauditors.com\/ca\/accessibilitat\/","title":{"rendered":"Accessibilitat"},"content":{"rendered":"\t\t<div data-elementor-type=\"wp-page\" data-elementor-id=\"2807\" class=\"elementor elementor-2807\">\n\t\t\t\t\t\t\t\t\t<section class=\"elementor-section elementor-top-section elementor-element elementor-element-bf87194 elementor-section-boxed elementor-section-height-default elementor-section-height-default\" data-id=\"bf87194\" data-element_type=\"section\">\n\t\t\t\t\t\t<div class=\"elementor-container elementor-column-gap-default\">\n\t\t\t\t\t<div class=\"elementor-column elementor-col-100 elementor-top-column elementor-element elementor-element-82074ff\" data-id=\"82074ff\" data-element_type=\"column\">\n\t\t\t<div class=\"elementor-widget-wrap elementor-element-populated\">\n\t\t\t\t\t\t\t\t<div class=\"elementor-element elementor-element-0218d70 elementor-widget elementor-widget-heading\" data-id=\"0218d70\" data-element_type=\"widget\" data-widget_type=\"heading.default\">\n\t\t\t\t<div class=\"elementor-widget-container\">\n\t\t\t<style>\/*! elementor - v3.12.1 - 02-04-2023 *\/\n.elementor-heading-title{padding:0;margin:0;line-height:1}.elementor-widget-heading .elementor-heading-title[class*=elementor-size-]>a{color:inherit;font-size:inherit;line-height:inherit}.elementor-widget-heading .elementor-heading-title.elementor-size-small{font-size:15px}.elementor-widget-heading .elementor-heading-title.elementor-size-medium{font-size:19px}.elementor-widget-heading .elementor-heading-title.elementor-size-large{font-size:29px}.elementor-widget-heading .elementor-heading-title.elementor-size-xl{font-size:39px}.elementor-widget-heading .elementor-heading-title.elementor-size-xxl{font-size:59px}<\/style><h1 class=\"elementor-heading-title elementor-size-default\">Accessibilitat<\/h1>\t\t<\/div>\n\t\t\t\t<\/div>\n\t\t\t\t\t<\/div>\n\t\t<\/div>\n\t\t\t\t\t\t\t<\/div>\n\t\t<\/section>\n\t\t\t\t<section class=\"elementor-section elementor-top-section elementor-element elementor-element-99bd815 elementor-section-boxed elementor-section-height-default elementor-section-height-default\" data-id=\"99bd815\" data-element_type=\"section\">\n\t\t\t\t\t\t<div class=\"elementor-container elementor-column-gap-default\">\n\t\t\t\t\t<div class=\"elementor-column elementor-col-100 elementor-top-column elementor-element elementor-element-eb107a4\" data-id=\"eb107a4\" data-element_type=\"column\">\n\t\t\t<div class=\"elementor-widget-wrap elementor-element-populated\">\n\t\t\t\t\t\t\t\t<div class=\"elementor-element elementor-element-d53b5a3 elementor-widget elementor-widget-text-editor\" data-id=\"d53b5a3\" data-element_type=\"widget\" data-widget_type=\"text-editor.default\">\n\t\t\t\t<div class=\"elementor-widget-container\">\n\t\t\t<style>\/*! elementor - v3.12.1 - 02-04-2023 *\/\n.elementor-widget-text-editor.elementor-drop-cap-view-stacked .elementor-drop-cap{background-color:#69727d;color:#fff}.elementor-widget-text-editor.elementor-drop-cap-view-framed .elementor-drop-cap{color:#69727d;border:3px solid;background-color:transparent}.elementor-widget-text-editor:not(.elementor-drop-cap-view-default) .elementor-drop-cap{margin-top:8px}.elementor-widget-text-editor:not(.elementor-drop-cap-view-default) .elementor-drop-cap-letter{width:1em;height:1em}.elementor-widget-text-editor .elementor-drop-cap{float:left;text-align:center;line-height:1;font-size:50px}.elementor-widget-text-editor .elementor-drop-cap-letter{display:inline-block}<\/style>\t\t\t\t<p>Volem que tothom que visiti la web de Serrat Auditors se senti benvingut i trobi l&#8217;experi\u00e8ncia gratificant.<\/p><p>Qu\u00e8 estem fent?<br \/>Per ajudar-nos a fer de la web de Serrat Auditors un lloc positiu per a tothom, hem estat fent servir les Directrius d&#8217;accessibilitat al contingut web (WCAG) 2.1. Aquestes directrius expliquen com fer que el contingut web sigui m\u00e9s accessible per a persones amb discapacitat i f\u00e0cil dutilitzar per a tots.<\/p><p>Les directrius tenen tres nivells daccessibilitat (A, AA i AAA). Hem escollit el nivell AA com a objectiu de la web de Serrat Auditors.<\/p><p>Com ho fem?<br \/>Hem treballat molt a la web de Serrat Auditors i creiem que hem aconseguit el nostre objectiu d&#8217;accessibilitat de nivell AA. Supervisem el lloc web peri\u00f2dicament per mantenir-lo, per\u00f2 si trobeu algun problema, poseu-vos en contacte.<\/p><p>Feu-nos saber qu\u00e8 li sembla<br \/>Si us ha agradat utilitzar la web de Serrat Auditors, o si heu tingut problemes amb alguna part, poseu-vos en contacte. Ens agradaria rebre not\u00edcies seves de qualsevol de les formes seg\u00fcents:<\/p><p>envia&#8217;ns un correu electr\u00f2nic a info@serratauditors.com<br \/>truca&#8217;ns al 937578227<br \/>posa&#8217;t en contacte a https:\/\/www.serratauditors.com\/contacte<\/p>\t\t\t\t\t\t<\/div>\n\t\t\t\t<\/div>\n\t\t\t\t\t<\/div>\n\t\t<\/div>\n\t\t\t\t\t\t\t<\/div>\n\t\t<\/section>\n\t\t\t\t\t\t\t<\/div>\n\t\t","protected":false},"excerpt":{"rendered":"<p>Accessibilitat Volem que tothom que visiti la web de Serrat Auditors se senti benvingut i trobi l&#8217;experi\u00e8ncia gratificant. Qu\u00e8 estem fent? Per ajudar-nos a fer de la web de Serrat Auditors un lloc positiu per a tothom, hem estat fent&#8230;<\/p>\n","protected":false},"author":1,"featured_media":0,"parent":0,"menu_order":0,"comment_status":"closed","ping_status":"closed","template":"elementor_header_footer","meta":[],"acf":[],"yoast_head":"<!-- This site is optimized with the Yoast SEO plugin v20.7 - https:\/\/yoast.com\/wordpress\/plugins\/seo\/ -->\n<title>Accessibilitat - Serrat Auditors Barcelona<\/title>\n<meta name=\"description\" content=\"SERRAT AUDITORS Somos especialistas en todos los campos relacionados con la auditor\u00eda. Tenemos m\u00e1s de 30 a\u00f1os de experiencia.\" \/>\n<meta name=\"robots\" content=\"noindex, nofollow\" \/>\n<meta property=\"og:locale\" content=\"ca_ES\" \/>\n<meta property=\"og:type\" content=\"article\" \/>\n<meta property=\"og:title\" content=\"Accessibilitat - Serrat Auditors Barcelona\" \/>\n<meta property=\"og:description\" content=\"SERRAT AUDITORS Somos especialistas en todos los campos relacionados con la auditor\u00eda. Tenemos m\u00e1s de 30 a\u00f1os de experiencia.\" \/>\n<meta property=\"og:url\" content=\"https:\/\/serratauditors.com\/ca\/accessibilitat\/\" \/>\n<meta property=\"og:site_name\" content=\"Serrat Auditors Barcelona\" \/>\n<meta property=\"article:modified_time\" content=\"2023-05-12T15:46:37+00:00\" \/>\n<meta name=\"twitter:card\" content=\"summary_large_image\" \/>\n<meta name=\"twitter:label1\" content=\"Est. reading time\" \/>\n\t<meta name=\"twitter:data1\" content=\"1 minut\" \/>\n<script type=\"application\/ld+json\" class=\"yoast-schema-graph\">{\"@context\":\"https:\/\/schema.org\",\"@graph\":[{\"@type\":\"WebPage\",\"@id\":\"https:\/\/serratauditors.com\/ca\/accessibilitat\/\",\"url\":\"https:\/\/serratauditors.com\/ca\/accessibilitat\/\",\"name\":\"Accessibilitat - Serrat Auditors Barcelona\",\"isPartOf\":{\"@id\":\"https:\/\/serratauditors.com\/#website\"},\"datePublished\":\"2023-03-31T10:27:39+00:00\",\"dateModified\":\"2023-05-12T15:46:37+00:00\",\"description\":\"SERRAT AUDITORS Somos especialistas en todos los campos relacionados con la auditor\u00eda. Tenemos m\u00e1s de 30 a\u00f1os de experiencia.\",\"breadcrumb\":{\"@id\":\"https:\/\/serratauditors.com\/ca\/accessibilitat\/#breadcrumb\"},\"inLanguage\":\"ca\",\"potentialAction\":[{\"@type\":\"ReadAction\",\"target\":[\"https:\/\/serratauditors.com\/ca\/accessibilitat\/\"]}]},{\"@type\":\"BreadcrumbList\",\"@id\":\"https:\/\/serratauditors.com\/ca\/accessibilitat\/#breadcrumb\",\"itemListElement\":[{\"@type\":\"ListItem\",\"position\":1,\"name\":\"Home\",\"item\":\"https:\/\/serratauditors.com\/ca\/\"},{\"@type\":\"ListItem\",\"position\":2,\"name\":\"Accessibilitat\"}]},{\"@type\":\"WebSite\",\"@id\":\"https:\/\/serratauditors.com\/#website\",\"url\":\"https:\/\/serratauditors.com\/\",\"name\":\"Serrat Auditors Barcelona\",\"description\":\"SERRAT AUDITORS Somos especialistas en todos los campos relacionados con la auditor\u00eda. Tenemos m\u00e1s de 30 a\u00f1os de experiencia.\",\"publisher\":{\"@id\":\"https:\/\/serratauditors.com\/#organization\"},\"alternateName\":\"Serrat Auditors Barcelona\",\"potentialAction\":[{\"@type\":\"SearchAction\",\"target\":{\"@type\":\"EntryPoint\",\"urlTemplate\":\"https:\/\/serratauditors.com\/?s={search_term_string}\"},\"query-input\":\"required name=search_term_string\"}],\"inLanguage\":\"ca\"},{\"@type\":\"Organization\",\"@id\":\"https:\/\/serratauditors.com\/#organization\",\"name\":\"Serrat Auditors Barcelona\",\"alternateName\":\"Serrat Auditors Barcelona\",\"url\":\"https:\/\/serratauditors.com\/\",\"logo\":{\"@type\":\"ImageObject\",\"inLanguage\":\"ca\",\"@id\":\"https:\/\/serratauditors.com\/#\/schema\/logo\/image\/\",\"url\":\"https:\/\/serratauditors.com\/wp-content\/uploads\/2023\/05\/descarga.jpg\",\"contentUrl\":\"https:\/\/serratauditors.com\/wp-content\/uploads\/2023\/05\/descarga.jpg\",\"width\":225,\"height\":225,\"caption\":\"Serrat Auditors Barcelona\"},\"image\":{\"@id\":\"https:\/\/serratauditors.com\/#\/schema\/logo\/image\/\"}}]}<\/script>\n<!-- \/ Yoast SEO plugin. -->","yoast_head_json":{"title":"Accessibilitat - Serrat Auditors Barcelona","description":"SERRAT AUDITORS Somos especialistas en todos los campos relacionados con la auditor\u00eda. Tenemos m\u00e1s de 30 a\u00f1os de experiencia.","robots":{"index":"noindex","follow":"nofollow"},"og_locale":"ca_ES","og_type":"article","og_title":"Accessibilitat - Serrat Auditors Barcelona","og_description":"SERRAT AUDITORS Somos especialistas en todos los campos relacionados con la auditor\u00eda. Tenemos m\u00e1s de 30 a\u00f1os de experiencia.","og_url":"https:\/\/serratauditors.com\/ca\/accessibilitat\/","og_site_name":"Serrat Auditors Barcelona","article_modified_time":"2023-05-12T15:46:37+00:00","twitter_card":"summary_large_image","twitter_misc":{"Est. reading time":"1 minut"},"schema":{"@context":"https:\/\/schema.org","@graph":[{"@type":"WebPage","@id":"https:\/\/serratauditors.com\/ca\/accessibilitat\/","url":"https:\/\/serratauditors.com\/ca\/accessibilitat\/","name":"Accessibilitat - Serrat Auditors Barcelona","isPartOf":{"@id":"https:\/\/serratauditors.com\/#website"},"datePublished":"2023-03-31T10:27:39+00:00","dateModified":"2023-05-12T15:46:37+00:00","description":"SERRAT AUDITORS Somos especialistas en todos los campos relacionados con la auditor\u00eda. Tenemos m\u00e1s de 30 a\u00f1os de experiencia.","breadcrumb":{"@id":"https:\/\/serratauditors.com\/ca\/accessibilitat\/#breadcrumb"},"inLanguage":"ca","potentialAction":[{"@type":"ReadAction","target":["https:\/\/serratauditors.com\/ca\/accessibilitat\/"]}]},{"@type":"BreadcrumbList","@id":"https:\/\/serratauditors.com\/ca\/accessibilitat\/#breadcrumb","itemListElement":[{"@type":"ListItem","position":1,"name":"Home","item":"https:\/\/serratauditors.com\/ca\/"},{"@type":"ListItem","position":2,"name":"Accessibilitat"}]},{"@type":"WebSite","@id":"https:\/\/serratauditors.com\/#website","url":"https:\/\/serratauditors.com\/","name":"Serrat Auditors Barcelona","description":"SERRAT AUDITORS Somos especialistas en todos los campos relacionados con la auditor\u00eda. Tenemos m\u00e1s de 30 a\u00f1os de experiencia.","publisher":{"@id":"https:\/\/serratauditors.com\/#organization"},"alternateName":"Serrat Auditors Barcelona","potentialAction":[{"@type":"SearchAction","target":{"@type":"EntryPoint","urlTemplate":"https:\/\/serratauditors.com\/?s={search_term_string}"},"query-input":"required name=search_term_string"}],"inLanguage":"ca"},{"@type":"Organization","@id":"https:\/\/serratauditors.com\/#organization","name":"Serrat Auditors Barcelona","alternateName":"Serrat Auditors Barcelona","url":"https:\/\/serratauditors.com\/","logo":{"@type":"ImageObject","inLanguage":"ca","@id":"https:\/\/serratauditors.com\/#\/schema\/logo\/image\/","url":"https:\/\/serratauditors.com\/wp-content\/uploads\/2023\/05\/descarga.jpg","contentUrl":"https:\/\/serratauditors.com\/wp-content\/uploads\/2023\/05\/descarga.jpg","width":225,"height":225,"caption":"Serrat Auditors Barcelona"},"image":{"@id":"https:\/\/serratauditors.com\/#\/schema\/logo\/image\/"}}]}},"_links":{"self":[{"href":"https:\/\/serratauditors.com\/ca\/wp-json\/wp\/v2\/pages\/2807"}],"collection":[{"href":"https:\/\/serratauditors.com\/ca\/wp-json\/wp\/v2\/pages"}],"about":[{"href":"https:\/\/serratauditors.com\/ca\/wp-json\/wp\/v2\/types\/page"}],"author":[{"embeddable":true,"href":"https:\/\/serratauditors.com\/ca\/wp-json\/wp\/v2\/users\/1"}],"replies":[{"embeddable":true,"href":"https:\/\/serratauditors.com\/ca\/wp-json\/wp\/v2\/comments?post=2807"}],"version-history":[{"count":5,"href":"https:\/\/serratauditors.com\/ca\/wp-json\/wp\/v2\/pages\/2807\/revisions"}],"predecessor-version":[{"id":3023,"href":"https:\/\/serratauditors.com\/ca\/wp-json\/wp\/v2\/pages\/2807\/revisions\/3023"}],"wp:attachment":[{"href":"https:\/\/serratauditors.com\/ca\/wp-json\/wp\/v2\/media?parent=2807"}],"curies":[{"name":"wp","href":"https:\/\/api.w.org\/{rel}","templated":true}]}}