{"id":2715,"date":"2023-02-06T07:29:32","date_gmt":"2023-02-06T07:29:32","guid":{"rendered":"https:\/\/serratauditors.com\/areas\/"},"modified":"2023-05-12T16:04:20","modified_gmt":"2023-05-12T16:04:20","slug":"areas","status":"publish","type":"page","link":"https:\/\/serratauditors.com\/en\/areas\/","title":{"rendered":"Areas"},"content":{"rendered":"\t\t<div data-elementor-type=\"wp-post\" data-elementor-id=\"2715\" class=\"elementor elementor-2715 elementor-2237\">\n\t\t\t\t\t\t\t\t\t<section class=\"elementor-section elementor-top-section elementor-element elementor-element-ffd2337 elementor-section-boxed elementor-section-height-default elementor-section-height-default\" data-id=\"ffd2337\" data-element_type=\"section\">\n\t\t\t\t\t\t<div class=\"elementor-container elementor-column-gap-default\">\n\t\t\t\t\t<div class=\"elementor-column elementor-col-100 elementor-top-column elementor-element elementor-element-49e6deb\" data-id=\"49e6deb\" data-element_type=\"column\">\n\t\t\t<div class=\"elementor-widget-wrap elementor-element-populated\">\n\t\t\t\t\t\t\t\t<div class=\"elementor-element elementor-element-eb85e5e elementor-widget elementor-widget-shortcode\" data-id=\"eb85e5e\" data-element_type=\"widget\" data-widget_type=\"shortcode.default\">\n\t\t\t\t<div class=\"elementor-widget-container\">\n\t\t\t\t\t<div class=\"elementor-shortcode\"><div class=\"short_practice_areas_icon_v2 \"><div class=\"row practice-items-holder-v2\"><div class=\"col-lg-4 col-md-6\"><div class=\"practice-item-v2\"><a href=\"https:\/\/serratauditors.com\/en\/services\/audit\/\"><div class=\"practice-circle\"><i class=\"fas fa-search-dollar\"><\/i><\/div><\/a><h5 class=\"practice-title-v2\"><a href=\"https:\/\/serratauditors.com\/en\/services\/audit\/\">Audit<\/a><\/h5><div class=\"practice-excerpt\">With our audits we get a more accurate view of the company.<\/div><a class=\"read-more\" href=\"https:\/\/serratauditors.com\/en\/services\/audit\/\">Learn More<\/a><\/div><\/div><div class=\"col-lg-4 col-md-6\"><div class=\"practice-item-v2\"><a href=\"https:\/\/serratauditors.com\/en\/services\/accounting-financial-advice\/\"><div class=\"practice-circle\"><i class=\"far fa-money-bill-alt\"><\/i><\/div><\/a><h5 class=\"practice-title-v2\"><a href=\"https:\/\/serratauditors.com\/en\/services\/accounting-financial-advice\/\">Accounting \/ financial advice<\/a><\/h5><div class=\"practice-excerpt\">We advise our clients on all the accounting and financial matters they require.<\/div><a class=\"read-more\" href=\"https:\/\/serratauditors.com\/en\/services\/accounting-financial-advice\/\">Learn More<\/a><\/div><\/div><div class=\"col-lg-4 col-md-6\"><div class=\"practice-item-v2\"><a href=\"https:\/\/serratauditors.com\/en\/services\/tax-advice\/\"><div class=\"practice-circle\"><i class=\"far fa-chart-bar\"><\/i><\/div><\/a><h5 class=\"practice-title-v2\"><a href=\"https:\/\/serratauditors.com\/en\/services\/tax-advice\/\">Tax advice<\/a><\/h5><div class=\"practice-excerpt\">We help our clients in different tax planning, whether national or international. Always with the utmost professionalism.<\/div><a class=\"read-more\" href=\"https:\/\/serratauditors.com\/en\/services\/tax-advice\/\">Learn More<\/a><\/div><\/div><div class=\"col-lg-4 col-md-6\"><div class=\"practice-item-v2\"><a href=\"https:\/\/serratauditors.com\/en\/services\/corporate-finance\/\"><div class=\"practice-circle\"><i class=\"fas fa-university\"><\/i><\/div><\/a><h5 class=\"practice-title-v2\"><a href=\"https:\/\/serratauditors.com\/en\/services\/corporate-finance\/\">Corporate Finance<\/a><\/h5><div class=\"practice-excerpt\">We provide support in all commercial and corporate matters, constitutions, books, mergers, etc.<\/div><a class=\"read-more\" href=\"https:\/\/serratauditors.com\/en\/services\/corporate-finance\/\">Learn More<\/a><\/div><\/div><div class=\"col-lg-4 col-md-6\"><div class=\"practice-item-v2\"><a href=\"https:\/\/serratauditors.com\/en\/services\/family-business-scope\/\"><div class=\"practice-circle\"><i class=\"fas fa-user-friends\"><\/i><\/div><\/a><h5 class=\"practice-title-v2\"><a href=\"https:\/\/serratauditors.com\/en\/services\/family-business-scope\/\">Family business scope<\/a><\/h5><div class=\"practice-excerpt\">We help our clients in family business structures, as well as succession processes.<\/div><a class=\"read-more\" href=\"https:\/\/serratauditors.com\/en\/services\/family-business-scope\/\">Learn More<\/a><\/div><\/div><div class=\"col-lg-4 col-md-6\"><div class=\"practice-item-v2\"><a href=\"https:\/\/serratauditors.com\/en\/services\/public-sector\/\"><div class=\"practice-circle\"><i class=\"fas fa-user-friends\"><\/i><\/div><\/a><h5 class=\"practice-title-v2\"><a href=\"https:\/\/serratauditors.com\/en\/services\/public-sector\/\">Public Sector<\/a><\/h5><div class=\"practice-excerpt\">We have experience in public sector audits as well as in the preparation of public sector legal compliance reports. Additionally, we also advise public sector<\/div><a class=\"read-more\" href=\"https:\/\/serratauditors.com\/en\/services\/public-sector\/\">Learn More<\/a><\/div><\/div><\/div><\/div><\/div>\n\t\t\t\t<\/div>\n\t\t\t\t<\/div>\n\t\t\t\t\t<\/div>\n\t\t<\/div>\n\t\t\t\t\t\t\t<\/div>\n\t\t<\/section>\n\t\t\t\t<section class=\"elementor-section elementor-top-section elementor-element elementor-element-4edf9c2 elementor-section-boxed elementor-section-height-default elementor-section-height-default\" data-id=\"4edf9c2\" data-element_type=\"section\">\n\t\t\t\t\t\t<div class=\"elementor-container elementor-column-gap-default\">\n\t\t\t\t\t<div class=\"elementor-column elementor-col-100 elementor-top-column elementor-element elementor-element-0199266\" data-id=\"0199266\" data-element_type=\"column\">\n\t\t\t<div class=\"elementor-widget-wrap elementor-element-populated\">\n\t\t\t\t\t\t\t\t<div class=\"elementor-element elementor-element-a140842 heading-subtitle elementor-widget elementor-widget-heading\" data-id=\"a140842\" data-element_type=\"widget\" data-widget_type=\"heading.default\">\n\t\t\t\t<div class=\"elementor-widget-container\">\n\t\t\t<style>\/*! elementor - v3.12.1 - 02-04-2023 *\/\n.elementor-heading-title{padding:0;margin:0;line-height:1}.elementor-widget-heading .elementor-heading-title[class*=elementor-size-]>a{color:inherit;font-size:inherit;line-height:inherit}.elementor-widget-heading .elementor-heading-title.elementor-size-small{font-size:15px}.elementor-widget-heading .elementor-heading-title.elementor-size-medium{font-size:19px}.elementor-widget-heading .elementor-heading-title.elementor-size-large{font-size:29px}.elementor-widget-heading .elementor-heading-title.elementor-size-xl{font-size:39px}.elementor-widget-heading .elementor-heading-title.elementor-size-xxl{font-size:59px}<\/style><span class=\"elementor-heading-title elementor-size-default\">Contact<\/span>\t\t<\/div>\n\t\t\t\t<\/div>\n\t\t\t\t<div class=\"elementor-element elementor-element-2f5e455 heading-title elementor-widget elementor-widget-heading\" data-id=\"2f5e455\" data-element_type=\"widget\" data-widget_type=\"heading.default\">\n\t\t\t\t<div class=\"elementor-widget-container\">\n\t\t\t<h2 class=\"elementor-heading-title elementor-size-default\">Contact us<\/h2>\t\t<\/div>\n\t\t\t\t<\/div>\n\t\t\t\t\t<\/div>\n\t\t<\/div>\n\t\t\t\t\t\t\t<\/div>\n\t\t<\/section>\n\t\t\t\t<section class=\"elementor-section elementor-top-section elementor-element elementor-element-1292eef elementor-section-boxed elementor-section-height-default elementor-section-height-default\" data-id=\"1292eef\" data-element_type=\"section\">\n\t\t\t\t\t\t<div class=\"elementor-container elementor-column-gap-default\">\n\t\t\t\t\t<div class=\"elementor-column elementor-col-33 elementor-top-column elementor-element elementor-element-2368f5b\" data-id=\"2368f5b\" data-element_type=\"column\">\n\t\t\t<div class=\"elementor-widget-wrap elementor-element-populated\">\n\t\t\t\t\t\t\t\t<div class=\"elementor-element elementor-element-9ac9589 pcolori elementor-view-default elementor-mobile-position-top elementor-vertical-align-top elementor-widget elementor-widget-icon-box\" data-id=\"9ac9589\" data-element_type=\"widget\" data-widget_type=\"icon-box.default\">\n\t\t\t\t<div class=\"elementor-widget-container\">\n\t\t\t<link rel=\"stylesheet\" href=\"https:\/\/serratauditors.com\/wp-content\/plugins\/elementor\/assets\/css\/widget-icon-box.min.css\">\t\t<div class=\"elementor-icon-box-wrapper\">\n\t\t\t\t\t\t<div class=\"elementor-icon-box-icon\">\n\t\t\t\t<span class=\"elementor-icon elementor-animation-\" >\n\t\t\t\t<i aria-hidden=\"true\" class=\"fas fa-map-marker-alt\"><\/i>\t\t\t\t<\/span>\n\t\t\t<\/div>\n\t\t\t\t\t\t<div class=\"elementor-icon-box-content\">\n\t\t\t\t<div class=\"elementor-icon-box-title\">\n\t\t\t\t\t<span  >\n\t\t\t\t\t\tBARCELONA\t\t\t\t\t<\/span>\n\t\t\t\t<\/div>\n\t\t\t\t\t\t\t\t\t<p class=\"elementor-icon-box-description\">\n\t\t\t\t\t\tVia Augusta, 29, 6a planta. 08006 Barcelona\t\t\t\t\t<\/p>\n\t\t\t\t\t\t\t<\/div>\n\t\t<\/div>\n\t\t\t\t<\/div>\n\t\t\t\t<\/div>\n\t\t\t\t<div class=\"elementor-element elementor-element-255e26d pcolori elementor-position-left elementor-widget__width-auto elementor-view-default elementor-mobile-position-top elementor-vertical-align-top elementor-widget elementor-widget-icon-box\" data-id=\"255e26d\" data-element_type=\"widget\" data-widget_type=\"icon-box.default\">\n\t\t\t\t<div class=\"elementor-widget-container\">\n\t\t\t\t\t<div class=\"elementor-icon-box-wrapper\">\n\t\t\t\t\t\t<div class=\"elementor-icon-box-icon\">\n\t\t\t\t<a class=\"elementor-icon elementor-animation-\" href=\"https:\/\/goo.gl\/maps\/QNsWxe5hWrW5Zwug9\" target=\"_blank\">\n\t\t\t\t<i aria-hidden=\"true\" class=\"far fa-map\"><\/i>\t\t\t\t<\/a>\n\t\t\t<\/div>\n\t\t\t\t\t\t<div class=\"elementor-icon-box-content\">\n\t\t\t\t<div class=\"elementor-icon-box-title\">\n\t\t\t\t\t<a href=\"https:\/\/goo.gl\/maps\/QNsWxe5hWrW5Zwug9\" target=\"_blank\" >\n\t\t\t\t\t\tView on Google Maps\t\t\t\t\t<\/a>\n\t\t\t\t<\/div>\n\t\t\t\t\t\t\t<\/div>\n\t\t<\/div>\n\t\t\t\t<\/div>\n\t\t\t\t<\/div>\n\t\t\t\t\t<\/div>\n\t\t<\/div>\n\t\t\t\t<div class=\"elementor-column elementor-col-33 elementor-top-column elementor-element elementor-element-d6dcbff elementor-hidden-tablet elementor-hidden-mobile\" data-id=\"d6dcbff\" data-element_type=\"column\">\n\t\t\t<div class=\"elementor-widget-wrap\">\n\t\t\t\t\t\t\t\t\t<\/div>\n\t\t<\/div>\n\t\t\t\t<div class=\"elementor-column elementor-col-33 elementor-top-column elementor-element elementor-element-c1e6c18\" data-id=\"c1e6c18\" data-element_type=\"column\">\n\t\t\t<div class=\"elementor-widget-wrap elementor-element-populated\">\n\t\t\t\t\t\t\t\t<div class=\"elementor-element elementor-element-aea5d11 pcolori elementor-view-default elementor-mobile-position-top elementor-vertical-align-top elementor-widget elementor-widget-icon-box\" data-id=\"aea5d11\" data-element_type=\"widget\" data-widget_type=\"icon-box.default\">\n\t\t\t\t<div class=\"elementor-widget-container\">\n\t\t\t\t\t<div class=\"elementor-icon-box-wrapper\">\n\t\t\t\t\t\t<div class=\"elementor-icon-box-icon\">\n\t\t\t\t<span class=\"elementor-icon elementor-animation-\" >\n\t\t\t\t<i aria-hidden=\"true\" class=\"fas fa-map-marker-alt\"><\/i>\t\t\t\t<\/span>\n\t\t\t<\/div>\n\t\t\t\t\t\t<div class=\"elementor-icon-box-content\">\n\t\t\t\t<div class=\"elementor-icon-box-title\">\n\t\t\t\t\t<span  >\n\t\t\t\t\t\tTERRASSA\t\t\t\t\t<\/span>\n\t\t\t\t<\/div>\n\t\t\t\t\t\t\t\t\t<p class=\"elementor-icon-box-description\">\n\t\t\t\t\t\tRambla d\u2019Egara, 116, 1er 3a 08221 Terrassa\t\t\t\t\t<\/p>\n\t\t\t\t\t\t\t<\/div>\n\t\t<\/div>\n\t\t\t\t<\/div>\n\t\t\t\t<\/div>\n\t\t\t\t<div class=\"elementor-element elementor-element-a022ff6 pcolori elementor-position-left elementor-widget__width-auto elementor-view-default elementor-mobile-position-top elementor-vertical-align-top elementor-widget elementor-widget-icon-box\" data-id=\"a022ff6\" data-element_type=\"widget\" data-widget_type=\"icon-box.default\">\n\t\t\t\t<div class=\"elementor-widget-container\">\n\t\t\t\t\t<div class=\"elementor-icon-box-wrapper\">\n\t\t\t\t\t\t<div class=\"elementor-icon-box-icon\">\n\t\t\t\t<a class=\"elementor-icon elementor-animation-\" href=\"https:\/\/goo.gl\/maps\/8wbKBBsQwGRB587S8\" target=\"_blank\">\n\t\t\t\t<i aria-hidden=\"true\" class=\"far fa-map\"><\/i>\t\t\t\t<\/a>\n\t\t\t<\/div>\n\t\t\t\t\t\t<div class=\"elementor-icon-box-content\">\n\t\t\t\t<div class=\"elementor-icon-box-title\">\n\t\t\t\t\t<a href=\"https:\/\/goo.gl\/maps\/8wbKBBsQwGRB587S8\" target=\"_blank\" >\n\t\t\t\t\t\tView on Google Maps\t\t\t\t\t<\/a>\n\t\t\t\t<\/div>\n\t\t\t\t\t\t\t<\/div>\n\t\t<\/div>\n\t\t\t\t<\/div>\n\t\t\t\t<\/div>\n\t\t\t\t\t<\/div>\n\t\t<\/div>\n\t\t\t\t\t\t\t<\/div>\n\t\t<\/section>\n\t\t\t\t<section class=\"elementor-section elementor-top-section elementor-element elementor-element-b69b0ca elementor-section-boxed elementor-section-height-default elementor-section-height-default\" data-id=\"b69b0ca\" data-element_type=\"section\">\n\t\t\t\t\t\t<div class=\"elementor-container elementor-column-gap-default\">\n\t\t\t\t\t<div class=\"elementor-column elementor-col-33 elementor-top-column elementor-element elementor-element-d0f33bb\" data-id=\"d0f33bb\" data-element_type=\"column\">\n\t\t\t<div class=\"elementor-widget-wrap elementor-element-populated\">\n\t\t\t\t\t\t\t\t<div class=\"elementor-element elementor-element-3975b4e pcolori elementor-view-default elementor-mobile-position-top elementor-vertical-align-top elementor-widget elementor-widget-icon-box\" data-id=\"3975b4e\" data-element_type=\"widget\" data-widget_type=\"icon-box.default\">\n\t\t\t\t<div class=\"elementor-widget-container\">\n\t\t\t\t\t<div class=\"elementor-icon-box-wrapper\">\n\t\t\t\t\t\t<div class=\"elementor-icon-box-icon\">\n\t\t\t\t<span class=\"elementor-icon elementor-animation-\" >\n\t\t\t\t<i aria-hidden=\"true\" class=\"fas fa-phone-alt\"><\/i>\t\t\t\t<\/span>\n\t\t\t<\/div>\n\t\t\t\t\t\t<div class=\"elementor-icon-box-content\">\n\t\t\t\t<div class=\"elementor-icon-box-title\">\n\t\t\t\t\t<span  >\n\t\t\t\t\t\tPHONE\t\t\t\t\t<\/span>\n\t\t\t\t<\/div>\n\t\t\t\t\t\t\t\t\t<p class=\"elementor-icon-box-description\">\n\t\t\t\t\t\t902 38 40 25\t\t\t\t\t<\/p>\n\t\t\t\t\t\t\t<\/div>\n\t\t<\/div>\n\t\t\t\t<\/div>\n\t\t\t\t<\/div>\n\t\t\t\t\t<\/div>\n\t\t<\/div>\n\t\t\t\t<div class=\"elementor-column elementor-col-33 elementor-top-column elementor-element elementor-element-cf26925\" data-id=\"cf26925\" data-element_type=\"column\">\n\t\t\t<div class=\"elementor-widget-wrap elementor-element-populated\">\n\t\t\t\t\t\t\t\t<div class=\"elementor-element elementor-element-e5d9883 pcolori elementor-view-default elementor-mobile-position-top elementor-vertical-align-top elementor-widget elementor-widget-icon-box\" data-id=\"e5d9883\" data-element_type=\"widget\" data-widget_type=\"icon-box.default\">\n\t\t\t\t<div class=\"elementor-widget-container\">\n\t\t\t\t\t<div class=\"elementor-icon-box-wrapper\">\n\t\t\t\t\t\t<div class=\"elementor-icon-box-icon\">\n\t\t\t\t<span class=\"elementor-icon elementor-animation-\" >\n\t\t\t\t<i aria-hidden=\"true\" class=\"fas fa-phone-alt\"><\/i>\t\t\t\t<\/span>\n\t\t\t<\/div>\n\t\t\t\t\t\t<div class=\"elementor-icon-box-content\">\n\t\t\t\t<div class=\"elementor-icon-box-title\">\n\t\t\t\t\t<span  >\n\t\t\t\t\t\tINTERNATIONAL PHONE\t\t\t\t\t<\/span>\n\t\t\t\t<\/div>\n\t\t\t\t\t\t\t\t\t<p class=\"elementor-icon-box-description\">\n\t\t\t\t\t\t+34 93 784 89 20\t\t\t\t\t<\/p>\n\t\t\t\t\t\t\t<\/div>\n\t\t<\/div>\n\t\t\t\t<\/div>\n\t\t\t\t<\/div>\n\t\t\t\t\t<\/div>\n\t\t<\/div>\n\t\t\t\t<div class=\"elementor-column elementor-col-33 elementor-top-column elementor-element elementor-element-875f895\" data-id=\"875f895\" data-element_type=\"column\">\n\t\t\t<div class=\"elementor-widget-wrap elementor-element-populated\">\n\t\t\t\t\t\t\t\t<div class=\"elementor-element elementor-element-f7e17b2 pcolori elementor-view-default elementor-mobile-position-top elementor-vertical-align-top elementor-widget elementor-widget-icon-box\" data-id=\"f7e17b2\" data-element_type=\"widget\" data-widget_type=\"icon-box.default\">\n\t\t\t\t<div class=\"elementor-widget-container\">\n\t\t\t\t\t<div class=\"elementor-icon-box-wrapper\">\n\t\t\t\t\t\t<div class=\"elementor-icon-box-icon\">\n\t\t\t\t<a class=\"elementor-icon elementor-animation-\" href=\"mailto:info@serratauditors.com\">\n\t\t\t\t<i aria-hidden=\"true\" class=\"far fa-envelope\"><\/i>\t\t\t\t<\/a>\n\t\t\t<\/div>\n\t\t\t\t\t\t<div class=\"elementor-icon-box-content\">\n\t\t\t\t<div class=\"elementor-icon-box-title\">\n\t\t\t\t\t<a href=\"mailto:info@serratauditors.com\" >\n\t\t\t\t\t\tEMAIL\t\t\t\t\t<\/a>\n\t\t\t\t<\/div>\n\t\t\t\t\t\t\t\t\t<p class=\"elementor-icon-box-description\">\n\t\t\t\t\t\tinfo@serratauditors.com\t\t\t\t\t<\/p>\n\t\t\t\t\t\t\t<\/div>\n\t\t<\/div>\n\t\t\t\t<\/div>\n\t\t\t\t<\/div>\n\t\t\t\t\t<\/div>\n\t\t<\/div>\n\t\t\t\t\t\t\t<\/div>\n\t\t<\/section>\n\t\t\t\t\t\t\t<\/div>\n\t\t","protected":false},"excerpt":{"rendered":"<p>Contact Contact us BARCELONA Via Augusta, 29, 6a planta. 08006 Barcelona View on Google Maps TERRASSA Rambla d\u2019Egara, 116, 1er 3a 08221 Terrassa View on Google Maps PHONE 902 38 40 25 INTERNATIONAL PHONE +34 93 784 89 20 EMAIL&#8230;<\/p>\n","protected":false},"author":1,"featured_media":2642,"parent":0,"menu_order":0,"comment_status":"closed","ping_status":"closed","template":"my-templates\/template-fullscreen.php","meta":[],"acf":[],"yoast_head":"<!-- This site is optimized with the Yoast SEO plugin v20.7 - https:\/\/yoast.com\/wordpress\/plugins\/seo\/ -->\n<title>Areas - Serrat Auditors Barcelona<\/title>\n<meta name=\"description\" content=\"Audit, Accounting\/financial advice, Tax advice, Corporate Finance, Family business scope, Public Sector\" \/>\n<meta name=\"robots\" content=\"index, follow, max-snippet:-1, max-image-preview:large, max-video-preview:-1\" \/>\n<link rel=\"canonical\" href=\"https:\/\/serratauditors.com\/en\/areas\/\" \/>\n<meta property=\"og:locale\" content=\"en_US\" \/>\n<meta property=\"og:type\" content=\"article\" \/>\n<meta property=\"og:title\" content=\"Areas - Serrat Auditors Barcelona\" \/>\n<meta property=\"og:description\" content=\"Audit, Accounting\/financial advice, Tax advice, Corporate Finance, Family business scope, Public Sector\" \/>\n<meta property=\"og:url\" content=\"https:\/\/serratauditors.com\/en\/areas\/\" \/>\n<meta property=\"og:site_name\" content=\"Serrat Auditors Barcelona\" \/>\n<meta property=\"article:modified_time\" content=\"2023-05-12T16:04:20+00:00\" \/>\n<meta property=\"og:image\" content=\"https:\/\/serratauditors.com\/wp-content\/uploads\/2023\/02\/cabe_serveis.jpg\" \/>\n\t<meta property=\"og:image:width\" content=\"1600\" \/>\n\t<meta property=\"og:image:height\" content=\"300\" \/>\n\t<meta property=\"og:image:type\" content=\"image\/jpeg\" \/>\n<meta name=\"twitter:card\" content=\"summary_large_image\" \/>\n<meta name=\"twitter:label1\" content=\"Est. reading time\" \/>\n\t<meta name=\"twitter:data1\" content=\"1 minute\" \/>\n<script type=\"application\/ld+json\" class=\"yoast-schema-graph\">{\"@context\":\"https:\/\/schema.org\",\"@graph\":[{\"@type\":\"WebPage\",\"@id\":\"https:\/\/serratauditors.com\/en\/areas\/\",\"url\":\"https:\/\/serratauditors.com\/en\/areas\/\",\"name\":\"Areas - Serrat Auditors Barcelona\",\"isPartOf\":{\"@id\":\"https:\/\/serratauditors.com\/#website\"},\"datePublished\":\"2023-02-06T07:29:32+00:00\",\"dateModified\":\"2023-05-12T16:04:20+00:00\",\"description\":\"Audit, Accounting\/financial advice, Tax advice, Corporate Finance, Family business scope, Public Sector\",\"breadcrumb\":{\"@id\":\"https:\/\/serratauditors.com\/en\/areas\/#breadcrumb\"},\"inLanguage\":\"en-US\",\"potentialAction\":[{\"@type\":\"ReadAction\",\"target\":[\"https:\/\/serratauditors.com\/en\/areas\/\"]}]},{\"@type\":\"BreadcrumbList\",\"@id\":\"https:\/\/serratauditors.com\/en\/areas\/#breadcrumb\",\"itemListElement\":[{\"@type\":\"ListItem\",\"position\":1,\"name\":\"Home\",\"item\":\"https:\/\/serratauditors.com\/\"},{\"@type\":\"ListItem\",\"position\":2,\"name\":\"Areas\"}]},{\"@type\":\"WebSite\",\"@id\":\"https:\/\/serratauditors.com\/#website\",\"url\":\"https:\/\/serratauditors.com\/\",\"name\":\"Serrat Auditors Barcelona\",\"description\":\"SERRAT AUDITORS Somos especialistas en todos los campos relacionados con la auditor\u00eda. Tenemos m\u00e1s de 30 a\u00f1os de experiencia.\",\"publisher\":{\"@id\":\"https:\/\/serratauditors.com\/#organization\"},\"alternateName\":\"Serrat Auditors Barcelona\",\"potentialAction\":[{\"@type\":\"SearchAction\",\"target\":{\"@type\":\"EntryPoint\",\"urlTemplate\":\"https:\/\/serratauditors.com\/?s={search_term_string}\"},\"query-input\":\"required name=search_term_string\"}],\"inLanguage\":\"en-US\"},{\"@type\":\"Organization\",\"@id\":\"https:\/\/serratauditors.com\/#organization\",\"name\":\"Serrat Auditors Barcelona\",\"alternateName\":\"Serrat Auditors Barcelona\",\"url\":\"https:\/\/serratauditors.com\/\",\"logo\":{\"@type\":\"ImageObject\",\"inLanguage\":\"en-US\",\"@id\":\"https:\/\/serratauditors.com\/#\/schema\/logo\/image\/\",\"url\":\"https:\/\/serratauditors.com\/wp-content\/uploads\/2023\/05\/descarga.jpg\",\"contentUrl\":\"https:\/\/serratauditors.com\/wp-content\/uploads\/2023\/05\/descarga.jpg\",\"width\":225,\"height\":225,\"caption\":\"Serrat Auditors Barcelona\"},\"image\":{\"@id\":\"https:\/\/serratauditors.com\/#\/schema\/logo\/image\/\"}}]}<\/script>\n<!-- \/ Yoast SEO plugin. -->","yoast_head_json":{"title":"Areas - Serrat Auditors Barcelona","description":"Audit, Accounting\/financial advice, Tax advice, Corporate Finance, Family business scope, Public Sector","robots":{"index":"index","follow":"follow","max-snippet":"max-snippet:-1","max-image-preview":"max-image-preview:large","max-video-preview":"max-video-preview:-1"},"canonical":"https:\/\/serratauditors.com\/en\/areas\/","og_locale":"en_US","og_type":"article","og_title":"Areas - Serrat Auditors Barcelona","og_description":"Audit, Accounting\/financial advice, Tax advice, Corporate Finance, Family business scope, Public Sector","og_url":"https:\/\/serratauditors.com\/en\/areas\/","og_site_name":"Serrat Auditors Barcelona","article_modified_time":"2023-05-12T16:04:20+00:00","og_image":[{"width":1600,"height":300,"url":"https:\/\/serratauditors.com\/wp-content\/uploads\/2023\/02\/cabe_serveis.jpg","type":"image\/jpeg"}],"twitter_card":"summary_large_image","twitter_misc":{"Est. reading time":"1 minute"},"schema":{"@context":"https:\/\/schema.org","@graph":[{"@type":"WebPage","@id":"https:\/\/serratauditors.com\/en\/areas\/","url":"https:\/\/serratauditors.com\/en\/areas\/","name":"Areas - Serrat Auditors Barcelona","isPartOf":{"@id":"https:\/\/serratauditors.com\/#website"},"datePublished":"2023-02-06T07:29:32+00:00","dateModified":"2023-05-12T16:04:20+00:00","description":"Audit, Accounting\/financial advice, Tax advice, Corporate Finance, Family business scope, Public Sector","breadcrumb":{"@id":"https:\/\/serratauditors.com\/en\/areas\/#breadcrumb"},"inLanguage":"en-US","potentialAction":[{"@type":"ReadAction","target":["https:\/\/serratauditors.com\/en\/areas\/"]}]},{"@type":"BreadcrumbList","@id":"https:\/\/serratauditors.com\/en\/areas\/#breadcrumb","itemListElement":[{"@type":"ListItem","position":1,"name":"Home","item":"https:\/\/serratauditors.com\/"},{"@type":"ListItem","position":2,"name":"Areas"}]},{"@type":"WebSite","@id":"https:\/\/serratauditors.com\/#website","url":"https:\/\/serratauditors.com\/","name":"Serrat Auditors Barcelona","description":"SERRAT AUDITORS Somos especialistas en todos los campos relacionados con la auditor\u00eda. Tenemos m\u00e1s de 30 a\u00f1os de experiencia.","publisher":{"@id":"https:\/\/serratauditors.com\/#organization"},"alternateName":"Serrat Auditors Barcelona","potentialAction":[{"@type":"SearchAction","target":{"@type":"EntryPoint","urlTemplate":"https:\/\/serratauditors.com\/?s={search_term_string}"},"query-input":"required name=search_term_string"}],"inLanguage":"en-US"},{"@type":"Organization","@id":"https:\/\/serratauditors.com\/#organization","name":"Serrat Auditors Barcelona","alternateName":"Serrat Auditors Barcelona","url":"https:\/\/serratauditors.com\/","logo":{"@type":"ImageObject","inLanguage":"en-US","@id":"https:\/\/serratauditors.com\/#\/schema\/logo\/image\/","url":"https:\/\/serratauditors.com\/wp-content\/uploads\/2023\/05\/descarga.jpg","contentUrl":"https:\/\/serratauditors.com\/wp-content\/uploads\/2023\/05\/descarga.jpg","width":225,"height":225,"caption":"Serrat Auditors Barcelona"},"image":{"@id":"https:\/\/serratauditors.com\/#\/schema\/logo\/image\/"}}]}},"_links":{"self":[{"href":"https:\/\/serratauditors.com\/en\/wp-json\/wp\/v2\/pages\/2715"}],"collection":[{"href":"https:\/\/serratauditors.com\/en\/wp-json\/wp\/v2\/pages"}],"about":[{"href":"https:\/\/serratauditors.com\/en\/wp-json\/wp\/v2\/types\/page"}],"author":[{"embeddable":true,"href":"https:\/\/serratauditors.com\/en\/wp-json\/wp\/v2\/users\/1"}],"replies":[{"embeddable":true,"href":"https:\/\/serratauditors.com\/en\/wp-json\/wp\/v2\/comments?post=2715"}],"version-history":[{"count":2,"href":"https:\/\/serratauditors.com\/en\/wp-json\/wp\/v2\/pages\/2715\/revisions"}],"predecessor-version":[{"id":3037,"href":"https:\/\/serratauditors.com\/en\/wp-json\/wp\/v2\/pages\/2715\/revisions\/3037"}],"wp:featuredmedia":[{"embeddable":true,"href":"https:\/\/serratauditors.com\/en\/wp-json\/wp\/v2\/media\/2642"}],"wp:attachment":[{"href":"https:\/\/serratauditors.com\/en\/wp-json\/wp\/v2\/media?parent=2715"}],"curies":[{"name":"wp","href":"https:\/\/api.w.org\/{rel}","templated":true}]}}