{"id":2719,"date":"2023-02-06T07:49:52","date_gmt":"2023-02-06T07:49:52","guid":{"rendered":"https:\/\/serratauditors.com\/company\/"},"modified":"2023-05-12T16:05:54","modified_gmt":"2023-05-12T16:05:54","slug":"company","status":"publish","type":"page","link":"https:\/\/serratauditors.com\/en\/company\/","title":{"rendered":"Company"},"content":{"rendered":"\t\t<div data-elementor-type=\"wp-post\" data-elementor-id=\"2719\" class=\"elementor elementor-2719 elementor-2257\">\n\t\t\t\t\t\t\t\t\t<section class=\"elementor-section elementor-top-section elementor-element elementor-element-5b2635c elementor-section-boxed elementor-section-height-default elementor-section-height-default\" data-id=\"5b2635c\" data-element_type=\"section\">\n\t\t\t\t\t\t<div class=\"elementor-container elementor-column-gap-default\">\n\t\t\t\t\t<div class=\"elementor-column elementor-col-50 elementor-top-column elementor-element elementor-element-d2150d9\" data-id=\"d2150d9\" data-element_type=\"column\">\n\t\t\t<div class=\"elementor-widget-wrap elementor-element-populated\">\n\t\t\t\t\t\t\t\t<div class=\"elementor-element elementor-element-b27613c elementor-widget elementor-widget-image\" data-id=\"b27613c\" data-element_type=\"widget\" data-widget_type=\"image.default\">\n\t\t\t\t<div class=\"elementor-widget-container\">\n\t\t\t<style>\/*! elementor - v3.12.1 - 02-04-2023 *\/\n.elementor-widget-image{text-align:center}.elementor-widget-image a{display:inline-block}.elementor-widget-image a img[src$=\".svg\"]{width:48px}.elementor-widget-image img{vertical-align:middle;display:inline-block}<\/style>\t\t\t\t\t\t\t\t\t\t\t\t<img decoding=\"async\" width=\"600\" height=\"800\" src=\"https:\/\/serratauditors.com\/wp-content\/uploads\/2023\/02\/empresa.jpg\" class=\"attachment-full size-full wp-image-2286\" alt=\"\" loading=\"lazy\" srcset=\"https:\/\/serratauditors.com\/wp-content\/uploads\/2023\/02\/empresa.jpg 600w, https:\/\/serratauditors.com\/wp-content\/uploads\/2023\/02\/empresa-225x300.jpg 225w\" sizes=\"(max-width: 600px) 100vw, 600px\" \/>\t\t\t\t\t\t\t\t\t\t\t\t\t\t\t<\/div>\n\t\t\t\t<\/div>\n\t\t\t\t\t<\/div>\n\t\t<\/div>\n\t\t\t\t<div class=\"elementor-column elementor-col-50 elementor-top-column elementor-element elementor-element-7f1da95\" data-id=\"7f1da95\" data-element_type=\"column\">\n\t\t\t<div class=\"elementor-widget-wrap elementor-element-populated\">\n\t\t\t\t\t\t\t\t<div class=\"elementor-element elementor-element-8a31abe heading-subtitle elementor-widget elementor-widget-heading\" data-id=\"8a31abe\" data-element_type=\"widget\" data-widget_type=\"heading.default\">\n\t\t\t\t<div class=\"elementor-widget-container\">\n\t\t\t<style>\/*! elementor - v3.12.1 - 02-04-2023 *\/\n.elementor-heading-title{padding:0;margin:0;line-height:1}.elementor-widget-heading .elementor-heading-title[class*=elementor-size-]>a{color:inherit;font-size:inherit;line-height:inherit}.elementor-widget-heading .elementor-heading-title.elementor-size-small{font-size:15px}.elementor-widget-heading .elementor-heading-title.elementor-size-medium{font-size:19px}.elementor-widget-heading .elementor-heading-title.elementor-size-large{font-size:29px}.elementor-widget-heading .elementor-heading-title.elementor-size-xl{font-size:39px}.elementor-widget-heading .elementor-heading-title.elementor-size-xxl{font-size:59px}<\/style><span class=\"elementor-heading-title elementor-size-default\">more than 30 years of experience<\/span>\t\t<\/div>\n\t\t\t\t<\/div>\n\t\t\t\t<div class=\"elementor-element elementor-element-72d5934 heading-title elementor-widget elementor-widget-heading\" data-id=\"72d5934\" data-element_type=\"widget\" data-widget_type=\"heading.default\">\n\t\t\t\t<div class=\"elementor-widget-container\">\n\t\t\t<h2 class=\"elementor-heading-title elementor-size-default\">We offer solutions to your needs<\/h2>\t\t<\/div>\n\t\t\t\t<\/div>\n\t\t\t\t<div class=\"elementor-element elementor-element-8e34733 elementor-widget elementor-widget-heading\" data-id=\"8e34733\" data-element_type=\"widget\" data-widget_type=\"heading.default\">\n\t\t\t\t<div class=\"elementor-widget-container\">\n\t\t\t<p class=\"elementor-heading-title elementor-size-default\">SERRAT AUDITORS is a company created in 1989, which provides professional services mainly in the field of auditing in Catalonia, but also in other parts of Spain and countries around the world.<\/p>\t\t<\/div>\n\t\t\t\t<\/div>\n\t\t\t\t<div class=\"elementor-element elementor-element-f9e9b4f elementor-widget elementor-widget-heading\" data-id=\"f9e9b4f\" data-element_type=\"widget\" data-widget_type=\"heading.default\">\n\t\t\t\t<div class=\"elementor-widget-container\">\n\t\t\t<p class=\"elementor-heading-title elementor-size-default\">Mindful of our commitments of independence, objectivity and confidentiality with respect to our clients, we are committed to offering a highly effective and professional audit service. Through our modern working methods, from the perspective of the external analysis carried out, we bring added value to the client so that they can improve in certain aspects and internal processes.<\/p>\t\t<\/div>\n\t\t\t\t<\/div>\n\t\t\t\t<div class=\"elementor-element elementor-element-2a7e17c elementor-widget elementor-widget-heading\" data-id=\"2a7e17c\" data-element_type=\"widget\" data-widget_type=\"heading.default\">\n\t\t\t\t<div class=\"elementor-widget-container\">\n\t\t\t<p class=\"elementor-heading-title elementor-size-default\">The partners-auditors, team leaders and technicians maintain permanent contact and a high degree of involvement with our clients.<\/p>\t\t<\/div>\n\t\t\t\t<\/div>\n\t\t\t\t\t<\/div>\n\t\t<\/div>\n\t\t\t\t\t\t\t<\/div>\n\t\t<\/section>\n\t\t\t\t<section class=\"elementor-section elementor-top-section elementor-element elementor-element-9f7b9cd elementor-section-boxed elementor-section-height-default elementor-section-height-default\" data-id=\"9f7b9cd\" data-element_type=\"section\">\n\t\t\t\t\t\t<div class=\"elementor-container elementor-column-gap-default\">\n\t\t\t\t\t<div class=\"elementor-column elementor-col-100 elementor-top-column elementor-element elementor-element-4c8f75b\" data-id=\"4c8f75b\" data-element_type=\"column\">\n\t\t\t<div class=\"elementor-widget-wrap elementor-element-populated\">\n\t\t\t\t\t\t\t\t<div class=\"elementor-element elementor-element-2124726 elementor-position-left pcolori elementor-view-default elementor-mobile-position-top elementor-vertical-align-top elementor-widget elementor-widget-icon-box\" data-id=\"2124726\" data-element_type=\"widget\" data-widget_type=\"icon-box.default\">\n\t\t\t\t<div class=\"elementor-widget-container\">\n\t\t\t<link rel=\"stylesheet\" href=\"https:\/\/serratauditors.com\/wp-content\/plugins\/elementor\/assets\/css\/widget-icon-box.min.css\">\t\t<div class=\"elementor-icon-box-wrapper\">\n\t\t\t\t\t\t<div class=\"elementor-icon-box-icon\">\n\t\t\t\t<span class=\"elementor-icon elementor-animation-\" >\n\t\t\t\t<i aria-hidden=\"true\" class=\"fas fa-user-graduate\"><\/i>\t\t\t\t<\/span>\n\t\t\t<\/div>\n\t\t\t\t\t\t<div class=\"elementor-icon-box-content\">\n\t\t\t\t<h3 class=\"elementor-icon-box-title\">\n\t\t\t\t\t<span  >\n\t\t\t\t\t\tKnowledge of profession\t\t\t\t\t<\/span>\n\t\t\t\t<\/h3>\n\t\t\t\t\t\t\t\t\t<p class=\"elementor-icon-box-description\">\n\t\t\t\t\t\tIt is necessary and essential to have a qualified professional team that knows the profession of auditor and is in constant professional training, both in terms of accounting techniques, and in the world of economics, taxation and new technologies.\t\t\t\t\t<\/p>\n\t\t\t\t\t\t\t<\/div>\n\t\t<\/div>\n\t\t\t\t<\/div>\n\t\t\t\t<\/div>\n\t\t\t\t<div class=\"elementor-element elementor-element-d7b68f3 elementor-position-left pcolori elementor-view-default elementor-mobile-position-top elementor-vertical-align-top elementor-widget elementor-widget-icon-box\" data-id=\"d7b68f3\" data-element_type=\"widget\" data-widget_type=\"icon-box.default\">\n\t\t\t\t<div class=\"elementor-widget-container\">\n\t\t\t\t\t<div class=\"elementor-icon-box-wrapper\">\n\t\t\t\t\t\t<div class=\"elementor-icon-box-icon\">\n\t\t\t\t<span class=\"elementor-icon elementor-animation-\" >\n\t\t\t\t<i aria-hidden=\"true\" class=\"fas fa-gavel\"><\/i>\t\t\t\t<\/span>\n\t\t\t<\/div>\n\t\t\t\t\t\t<div class=\"elementor-icon-box-content\">\n\t\t\t\t<h3 class=\"elementor-icon-box-title\">\n\t\t\t\t\t<span  >\n\t\t\t\t\t\tProfessional ethics\t\t\t\t\t<\/span>\n\t\t\t\t<\/h3>\n\t\t\t\t\t\t\t\t\t<p class=\"elementor-icon-box-description\">\n\t\t\t\t\t\tCommitment of all the professionals of the firm to the highest level of compliance with the code of professional ethics, both in the relationship with our clients and internally for each professional.\t\t\t\t\t<\/p>\n\t\t\t\t\t\t\t<\/div>\n\t\t<\/div>\n\t\t\t\t<\/div>\n\t\t\t\t<\/div>\n\t\t\t\t<div class=\"elementor-element elementor-element-d5ea090 elementor-position-left pcolori elementor-view-default elementor-mobile-position-top elementor-vertical-align-top elementor-widget elementor-widget-icon-box\" data-id=\"d5ea090\" data-element_type=\"widget\" data-widget_type=\"icon-box.default\">\n\t\t\t\t<div class=\"elementor-widget-container\">\n\t\t\t\t\t<div class=\"elementor-icon-box-wrapper\">\n\t\t\t\t\t\t<div class=\"elementor-icon-box-icon\">\n\t\t\t\t<span class=\"elementor-icon elementor-animation-\" >\n\t\t\t\t<i aria-hidden=\"true\" class=\"fas fa-user\"><\/i>\t\t\t\t<\/span>\n\t\t\t<\/div>\n\t\t\t\t\t\t<div class=\"elementor-icon-box-content\">\n\t\t\t\t<h3 class=\"elementor-icon-box-title\">\n\t\t\t\t\t<span  >\n\t\t\t\t\t\tThe customer\t\t\t\t\t<\/span>\n\t\t\t\t<\/h3>\n\t\t\t\t\t\t\t\t\t<p class=\"elementor-icon-box-description\">\n\t\t\t\t\t\tIn our philosophy, customers cannot be treated in a standard way, we take care of giving them a personalized treatment, with knowledge of their economic activity, of their situation in the environment of the country and of their specific sector , requiring in each case, a personalized professional performance.\t\t\t\t\t<\/p>\n\t\t\t\t\t\t\t<\/div>\n\t\t<\/div>\n\t\t\t\t<\/div>\n\t\t\t\t<\/div>\n\t\t\t\t\t<\/div>\n\t\t<\/div>\n\t\t\t\t\t\t\t<\/div>\n\t\t<\/section>\n\t\t\t\t<section class=\"elementor-section elementor-top-section elementor-element elementor-element-f602c21 elementor-section-boxed elementor-section-height-default elementor-section-height-default\" data-id=\"f602c21\" data-element_type=\"section\" data-settings=\"{&quot;background_background&quot;:&quot;classic&quot;}\">\n\t\t\t\t\t\t\t<div class=\"elementor-background-overlay\"><\/div>\n\t\t\t\t\t\t\t<div class=\"elementor-container elementor-column-gap-default\">\n\t\t\t\t\t<div class=\"elementor-column elementor-col-100 elementor-top-column elementor-element elementor-element-5c10129\" data-id=\"5c10129\" data-element_type=\"column\">\n\t\t\t<div class=\"elementor-widget-wrap elementor-element-populated\">\n\t\t\t\t\t\t\t\t<div class=\"elementor-element elementor-element-6ce6ff2 heading-subtitle white elementor-widget elementor-widget-heading\" data-id=\"6ce6ff2\" data-element_type=\"widget\" data-widget_type=\"heading.default\">\n\t\t\t\t<div class=\"elementor-widget-container\">\n\t\t\t<span class=\"elementor-heading-title elementor-size-default\">Serrat Auditors<\/span>\t\t<\/div>\n\t\t\t\t<\/div>\n\t\t\t\t<div class=\"elementor-element elementor-element-65e8c47 heading-title white elementor-widget elementor-widget-heading\" data-id=\"65e8c47\" data-element_type=\"widget\" data-widget_type=\"heading.default\">\n\t\t\t\t<div class=\"elementor-widget-container\">\n\t\t\t<h2 class=\"elementor-heading-title elementor-size-default\">Personalized treatment for each client<\/h2>\t\t<\/div>\n\t\t\t\t<\/div>\n\t\t\t\t<div class=\"elementor-element elementor-element-13614af btn-white-el elementor-widget elementor-widget-button\" data-id=\"13614af\" data-element_type=\"widget\" data-widget_type=\"button.default\">\n\t\t\t\t<div class=\"elementor-widget-container\">\n\t\t\t\t\t<div class=\"elementor-button-wrapper\">\n\t\t\t<a href=\"https:\/\/serratauditors.com\/en\/contact\/\" class=\"elementor-button-link elementor-button elementor-size-sm\" role=\"button\">\n\t\t\t\t\t\t<span class=\"elementor-button-content-wrapper\">\n\t\t\t\t\t\t<span class=\"elementor-button-text\">Consult us<\/span>\n\t\t<\/span>\n\t\t\t\t\t<\/a>\n\t\t<\/div>\n\t\t\t\t<\/div>\n\t\t\t\t<\/div>\n\t\t\t\t\t<\/div>\n\t\t<\/div>\n\t\t\t\t\t\t\t<\/div>\n\t\t<\/section>\n\t\t\t\t\t\t\t<\/div>\n\t\t","protected":false},"excerpt":{"rendered":"<p>more than 30 years of experience We offer solutions to your needs SERRAT AUDITORS is a company created in 1989, which provides professional services mainly in the field of auditing in Catalonia, but also in other parts of Spain and&#8230;<\/p>\n","protected":false},"author":1,"featured_media":2646,"parent":0,"menu_order":0,"comment_status":"closed","ping_status":"closed","template":"my-templates\/template-fullscreen.php","meta":[],"acf":[],"yoast_head":"<!-- This site is optimized with the Yoast SEO plugin v20.7 - https:\/\/yoast.com\/wordpress\/plugins\/seo\/ -->\n<title>Company - Serrat Auditors Barcelona<\/title>\n<meta name=\"description\" content=\"SERRAT AUDITORS is a company created in 1989, which provides professional services mainly in the field of auditing in Catalonia, but also in other parts of Spain and countries around the world.\" \/>\n<meta name=\"robots\" content=\"index, follow, max-snippet:-1, max-image-preview:large, max-video-preview:-1\" \/>\n<link rel=\"canonical\" href=\"https:\/\/serratauditors.com\/en\/company\/\" \/>\n<meta property=\"og:locale\" content=\"en_US\" \/>\n<meta property=\"og:type\" content=\"article\" \/>\n<meta property=\"og:title\" content=\"Company - Serrat Auditors Barcelona\" \/>\n<meta property=\"og:description\" content=\"SERRAT AUDITORS is a company created in 1989, which provides professional services mainly in the field of auditing in Catalonia, but also in other parts of Spain and countries around the world.\" \/>\n<meta property=\"og:url\" content=\"https:\/\/serratauditors.com\/en\/company\/\" \/>\n<meta property=\"og:site_name\" content=\"Serrat Auditors Barcelona\" \/>\n<meta property=\"article:modified_time\" content=\"2023-05-12T16:05:54+00:00\" \/>\n<meta property=\"og:image\" content=\"https:\/\/serratauditors.com\/wp-content\/uploads\/2023\/02\/image21-1.jpeg\" \/>\n\t<meta property=\"og:image:width\" content=\"1565\" \/>\n\t<meta property=\"og:image:height\" content=\"1045\" \/>\n\t<meta property=\"og:image:type\" content=\"image\/jpeg\" \/>\n<meta name=\"twitter:card\" content=\"summary_large_image\" \/>\n<meta name=\"twitter:label1\" content=\"Est. reading time\" \/>\n\t<meta name=\"twitter:data1\" content=\"2 minutes\" \/>\n<script type=\"application\/ld+json\" class=\"yoast-schema-graph\">{\"@context\":\"https:\/\/schema.org\",\"@graph\":[{\"@type\":\"WebPage\",\"@id\":\"https:\/\/serratauditors.com\/en\/company\/\",\"url\":\"https:\/\/serratauditors.com\/en\/company\/\",\"name\":\"Company - Serrat Auditors Barcelona\",\"isPartOf\":{\"@id\":\"https:\/\/serratauditors.com\/#website\"},\"datePublished\":\"2023-02-06T07:49:52+00:00\",\"dateModified\":\"2023-05-12T16:05:54+00:00\",\"description\":\"SERRAT AUDITORS is a company created in 1989, which provides professional services mainly in the field of auditing in Catalonia, but also in other parts of Spain and countries around the world.\",\"breadcrumb\":{\"@id\":\"https:\/\/serratauditors.com\/en\/company\/#breadcrumb\"},\"inLanguage\":\"en-US\",\"potentialAction\":[{\"@type\":\"ReadAction\",\"target\":[\"https:\/\/serratauditors.com\/en\/company\/\"]}]},{\"@type\":\"BreadcrumbList\",\"@id\":\"https:\/\/serratauditors.com\/en\/company\/#breadcrumb\",\"itemListElement\":[{\"@type\":\"ListItem\",\"position\":1,\"name\":\"Home\",\"item\":\"https:\/\/serratauditors.com\/\"},{\"@type\":\"ListItem\",\"position\":2,\"name\":\"Company\"}]},{\"@type\":\"WebSite\",\"@id\":\"https:\/\/serratauditors.com\/#website\",\"url\":\"https:\/\/serratauditors.com\/\",\"name\":\"Serrat Auditors Barcelona\",\"description\":\"SERRAT AUDITORS Somos especialistas en todos los campos relacionados con la auditor\u00eda. Tenemos m\u00e1s de 30 a\u00f1os de experiencia.\",\"publisher\":{\"@id\":\"https:\/\/serratauditors.com\/#organization\"},\"alternateName\":\"Serrat Auditors Barcelona\",\"potentialAction\":[{\"@type\":\"SearchAction\",\"target\":{\"@type\":\"EntryPoint\",\"urlTemplate\":\"https:\/\/serratauditors.com\/?s={search_term_string}\"},\"query-input\":\"required name=search_term_string\"}],\"inLanguage\":\"en-US\"},{\"@type\":\"Organization\",\"@id\":\"https:\/\/serratauditors.com\/#organization\",\"name\":\"Serrat Auditors Barcelona\",\"alternateName\":\"Serrat Auditors Barcelona\",\"url\":\"https:\/\/serratauditors.com\/\",\"logo\":{\"@type\":\"ImageObject\",\"inLanguage\":\"en-US\",\"@id\":\"https:\/\/serratauditors.com\/#\/schema\/logo\/image\/\",\"url\":\"https:\/\/serratauditors.com\/wp-content\/uploads\/2023\/05\/descarga.jpg\",\"contentUrl\":\"https:\/\/serratauditors.com\/wp-content\/uploads\/2023\/05\/descarga.jpg\",\"width\":225,\"height\":225,\"caption\":\"Serrat Auditors Barcelona\"},\"image\":{\"@id\":\"https:\/\/serratauditors.com\/#\/schema\/logo\/image\/\"}}]}<\/script>\n<!-- \/ Yoast SEO plugin. -->","yoast_head_json":{"title":"Company - Serrat Auditors Barcelona","description":"SERRAT AUDITORS is a company created in 1989, which provides professional services mainly in the field of auditing in Catalonia, but also in other parts of Spain and countries around the world.","robots":{"index":"index","follow":"follow","max-snippet":"max-snippet:-1","max-image-preview":"max-image-preview:large","max-video-preview":"max-video-preview:-1"},"canonical":"https:\/\/serratauditors.com\/en\/company\/","og_locale":"en_US","og_type":"article","og_title":"Company - Serrat Auditors Barcelona","og_description":"SERRAT AUDITORS is a company created in 1989, which provides professional services mainly in the field of auditing in Catalonia, but also in other parts of Spain and countries around the world.","og_url":"https:\/\/serratauditors.com\/en\/company\/","og_site_name":"Serrat Auditors Barcelona","article_modified_time":"2023-05-12T16:05:54+00:00","og_image":[{"width":1565,"height":1045,"url":"https:\/\/serratauditors.com\/wp-content\/uploads\/2023\/02\/image21-1.jpeg","type":"image\/jpeg"}],"twitter_card":"summary_large_image","twitter_misc":{"Est. reading time":"2 minutes"},"schema":{"@context":"https:\/\/schema.org","@graph":[{"@type":"WebPage","@id":"https:\/\/serratauditors.com\/en\/company\/","url":"https:\/\/serratauditors.com\/en\/company\/","name":"Company - Serrat Auditors Barcelona","isPartOf":{"@id":"https:\/\/serratauditors.com\/#website"},"datePublished":"2023-02-06T07:49:52+00:00","dateModified":"2023-05-12T16:05:54+00:00","description":"SERRAT AUDITORS is a company created in 1989, which provides professional services mainly in the field of auditing in Catalonia, but also in other parts of Spain and countries around the world.","breadcrumb":{"@id":"https:\/\/serratauditors.com\/en\/company\/#breadcrumb"},"inLanguage":"en-US","potentialAction":[{"@type":"ReadAction","target":["https:\/\/serratauditors.com\/en\/company\/"]}]},{"@type":"BreadcrumbList","@id":"https:\/\/serratauditors.com\/en\/company\/#breadcrumb","itemListElement":[{"@type":"ListItem","position":1,"name":"Home","item":"https:\/\/serratauditors.com\/"},{"@type":"ListItem","position":2,"name":"Company"}]},{"@type":"WebSite","@id":"https:\/\/serratauditors.com\/#website","url":"https:\/\/serratauditors.com\/","name":"Serrat Auditors Barcelona","description":"SERRAT AUDITORS Somos especialistas en todos los campos relacionados con la auditor\u00eda. Tenemos m\u00e1s de 30 a\u00f1os de experiencia.","publisher":{"@id":"https:\/\/serratauditors.com\/#organization"},"alternateName":"Serrat Auditors Barcelona","potentialAction":[{"@type":"SearchAction","target":{"@type":"EntryPoint","urlTemplate":"https:\/\/serratauditors.com\/?s={search_term_string}"},"query-input":"required name=search_term_string"}],"inLanguage":"en-US"},{"@type":"Organization","@id":"https:\/\/serratauditors.com\/#organization","name":"Serrat Auditors Barcelona","alternateName":"Serrat Auditors Barcelona","url":"https:\/\/serratauditors.com\/","logo":{"@type":"ImageObject","inLanguage":"en-US","@id":"https:\/\/serratauditors.com\/#\/schema\/logo\/image\/","url":"https:\/\/serratauditors.com\/wp-content\/uploads\/2023\/05\/descarga.jpg","contentUrl":"https:\/\/serratauditors.com\/wp-content\/uploads\/2023\/05\/descarga.jpg","width":225,"height":225,"caption":"Serrat Auditors Barcelona"},"image":{"@id":"https:\/\/serratauditors.com\/#\/schema\/logo\/image\/"}}]}},"_links":{"self":[{"href":"https:\/\/serratauditors.com\/en\/wp-json\/wp\/v2\/pages\/2719"}],"collection":[{"href":"https:\/\/serratauditors.com\/en\/wp-json\/wp\/v2\/pages"}],"about":[{"href":"https:\/\/serratauditors.com\/en\/wp-json\/wp\/v2\/types\/page"}],"author":[{"embeddable":true,"href":"https:\/\/serratauditors.com\/en\/wp-json\/wp\/v2\/users\/1"}],"replies":[{"embeddable":true,"href":"https:\/\/serratauditors.com\/en\/wp-json\/wp\/v2\/comments?post=2719"}],"version-history":[{"count":5,"href":"https:\/\/serratauditors.com\/en\/wp-json\/wp\/v2\/pages\/2719\/revisions"}],"predecessor-version":[{"id":3039,"href":"https:\/\/serratauditors.com\/en\/wp-json\/wp\/v2\/pages\/2719\/revisions\/3039"}],"wp:featuredmedia":[{"embeddable":true,"href":"https:\/\/serratauditors.com\/en\/wp-json\/wp\/v2\/media\/2646"}],"wp:attachment":[{"href":"https:\/\/serratauditors.com\/en\/wp-json\/wp\/v2\/media?parent=2719"}],"curies":[{"name":"wp","href":"https:\/\/api.w.org\/{rel}","templated":true}]}}